{"id":957,"date":"2017-11-15T16:36:43","date_gmt":"2017-11-15T15:36:43","guid":{"rendered":"http:\/\/www.stenografenbund.de\/?page_id=957"},"modified":"2026-01-20T12:31:34","modified_gmt":"2026-01-20T11:31:34","slug":"downloads","status":"publish","type":"page","link":"https:\/\/www.stenografenbund.de\/?page_id=957","title":{"rendered":"Downloads"},"content":{"rendered":"<div class=\"wp-block-image\">\n<figure class=\"alignleft\"><img loading=\"lazy\" decoding=\"async\" width=\"150\" height=\"145\" src=\"http:\/\/www.stenografenbund.de\/wp-content\/uploads\/2017\/11\/fueller_papier-150x145.jpg\" alt=\"\" class=\"wp-image-962\"\/><\/figure>\n<\/div>\n\n\n<p>In unserem Downloadbereich haben wir alle relevanten Dokumente f\u00fcr Sie zusammengefasst. Die Downloads stehen jeweils als PDF-Dokument zur Verf\u00fcgung und k\u00f6nnen direkt auf Ihren Computer heruntergeladen werden.<\/p>\n\n\n\n<p>Zum Betrachten der Dateien ben\u00f6tigen Sie ein PDF-Anzeigeprogramm, kostenfrei unter&nbsp;<a href=\"https:\/\/get.adobe.com\/de\/reader\/\" target=\"_blank\" rel=\"noopener\">https:\/\/get.adobe.com\/de\/reader\/<\/a> herunterladbar.<\/p>\n\n\n\n<p>&nbsp;<\/p>\n\n\n\n<figure class=\"wp-block-table\"><table class=\"has-fixed-layout\"><tbody><tr><td><strong>Beschreibung<\/strong><\/td><td><strong>Datum<\/strong><\/td><td><strong>Dateityp<\/strong><\/td><td><strong>Link<\/strong><\/td><\/tr><tr><td>Verleihungsordnung<\/td><td>05.11.2017<\/td><td>PDF<\/td><td><a href=\"http:\/\/www.stenografenbund.de\/wp-content\/uploads\/2017\/12\/2017-11-05_DStB_Verleihungsordnung.pdf\" target=\"_blank\" rel=\"noopener\">DStB_Verleihungsordnung<\/a><\/td><\/tr><tr><td>&nbsp;Preisliste Verleihungen<\/td><td>05.11.2017<\/td><td>PDF<\/td><td><a href=\"http:\/\/www.stenografenbund.de\/wp-content\/uploads\/2017\/12\/20171105_DStB_Preisliste_Verleihungen.pdf\" target=\"_blank\" rel=\"noopener\">DStB_Preisliste_Verleihungen<\/a><\/td><\/tr><tr><td>Wettschreibordnung<\/td><td>01.01.2023<\/td><td>PDF<\/td><td><a href=\"https:\/\/www.stenografenbund.de\/wp-content\/uploads\/2026\/01\/WO-Beschluss-vom-27.11.2022.pdf\" target=\"_blank\" rel=\"noreferrer noopener\">DStB_Wettschreibordnung<\/a><\/td><\/tr><tr><td>Satzung<\/td><td>07.04.2024<\/td><td>PDF<\/td><td><a href=\"https:\/\/www.stenografenbund.de\/wp-content\/uploads\/2025\/01\/Satzung-2024-04-07.pdf\">Satzung-2024-04-07<\/a><\/td><\/tr><\/tbody><\/table><\/figure>\n\n\n\n<p><\/p>\n","protected":false},"excerpt":{"rendered":"<p>In unserem Downloadbereich haben wir alle relevanten Dokumente f\u00fcr Sie zusammengefasst. Die Downloads stehen jeweils als PDF-Dokument zur Verf\u00fcgung und k\u00f6nnen direkt auf Ihren Computer heruntergeladen werden. Zum Betrachten der Dateien ben\u00f6tigen Sie ein PDF-Anzeigeprogramm,<\/p>\n","protected":false},"author":1,"featured_media":0,"parent":0,"menu_order":0,"comment_status":"closed","ping_status":"closed","template":"","meta":{"ngg_post_thumbnail":0,"footnotes":""},"class_list":["post-957","page","type-page","status-publish","hentry"],"yoast_head":"<!-- This site is optimized with the Yoast SEO plugin v27.2 - https:\/\/yoast.com\/product\/yoast-seo-wordpress\/ -->\n<title>Downloads - Deutscher Stenografenbund E. V.<\/title>\n<meta name=\"robots\" content=\"index, follow, max-snippet:-1, max-image-preview:large, max-video-preview:-1\" \/>\n<link rel=\"canonical\" href=\"https:\/\/www.stenografenbund.de\/?page_id=957\" \/>\n<meta property=\"og:locale\" content=\"de_DE\" \/>\n<meta property=\"og:type\" content=\"article\" \/>\n<meta property=\"og:title\" content=\"Downloads - Deutscher Stenografenbund E. V.\" \/>\n<meta property=\"og:description\" content=\"In unserem Downloadbereich haben wir alle relevanten Dokumente f\u00fcr Sie zusammengefasst. Die Downloads stehen jeweils als PDF-Dokument zur Verf\u00fcgung und k\u00f6nnen direkt auf Ihren Computer heruntergeladen werden. Zum Betrachten der Dateien ben\u00f6tigen Sie ein PDF-Anzeigeprogramm,\" \/>\n<meta property=\"og:url\" content=\"https:\/\/www.stenografenbund.de\/?page_id=957\" \/>\n<meta property=\"og:site_name\" content=\"Deutscher Stenografenbund E. V.\" \/>\n<meta property=\"article:modified_time\" content=\"2026-01-20T11:31:34+00:00\" \/>\n<meta property=\"og:image\" content=\"https:\/\/www.stenografenbund.de\/wp-content\/uploads\/2017\/11\/fueller_papier.jpg\" \/>\n\t<meta property=\"og:image:width\" content=\"194\" \/>\n\t<meta property=\"og:image:height\" content=\"145\" \/>\n\t<meta property=\"og:image:type\" content=\"image\/jpeg\" \/>\n<meta name=\"twitter:card\" content=\"summary_large_image\" \/>\n<meta name=\"twitter:label1\" content=\"Gesch\u00e4tzte Lesezeit\" \/>\n\t<meta name=\"twitter:data1\" content=\"1\u00a0Minute\" \/>\n<script type=\"application\/ld+json\" class=\"yoast-schema-graph\">{\"@context\":\"https:\/\/schema.org\",\"@graph\":[{\"@type\":\"WebPage\",\"@id\":\"https:\/\/www.stenografenbund.de\/?page_id=957\",\"url\":\"https:\/\/www.stenografenbund.de\/?page_id=957\",\"name\":\"Downloads - Deutscher Stenografenbund E. V.\",\"isPartOf\":{\"@id\":\"https:\/\/www.stenografenbund.de\/#website\"},\"primaryImageOfPage\":{\"@id\":\"https:\/\/www.stenografenbund.de\/?page_id=957#primaryimage\"},\"image\":{\"@id\":\"https:\/\/www.stenografenbund.de\/?page_id=957#primaryimage\"},\"thumbnailUrl\":\"http:\/\/www.stenografenbund.de\/wp-content\/uploads\/2017\/11\/fueller_papier-150x145.jpg\",\"datePublished\":\"2017-11-15T15:36:43+00:00\",\"dateModified\":\"2026-01-20T11:31:34+00:00\",\"breadcrumb\":{\"@id\":\"https:\/\/www.stenografenbund.de\/?page_id=957#breadcrumb\"},\"inLanguage\":\"de\",\"potentialAction\":[{\"@type\":\"ReadAction\",\"target\":[\"https:\/\/www.stenografenbund.de\/?page_id=957\"]}]},{\"@type\":\"ImageObject\",\"inLanguage\":\"de\",\"@id\":\"https:\/\/www.stenografenbund.de\/?page_id=957#primaryimage\",\"url\":\"https:\/\/www.stenografenbund.de\/wp-content\/uploads\/2017\/11\/fueller_papier.jpg\",\"contentUrl\":\"https:\/\/www.stenografenbund.de\/wp-content\/uploads\/2017\/11\/fueller_papier.jpg\",\"width\":194,\"height\":145},{\"@type\":\"BreadcrumbList\",\"@id\":\"https:\/\/www.stenografenbund.de\/?page_id=957#breadcrumb\",\"itemListElement\":[{\"@type\":\"ListItem\",\"position\":1,\"name\":\"Startseite\",\"item\":\"https:\/\/www.stenografenbund.de\/\"},{\"@type\":\"ListItem\",\"position\":2,\"name\":\"Downloads\"}]},{\"@type\":\"WebSite\",\"@id\":\"https:\/\/www.stenografenbund.de\/#website\",\"url\":\"https:\/\/www.stenografenbund.de\/\",\"name\":\"Deutscher Stenografenbund E. V.\",\"description\":\"Bundesverband f\u00fcr Informationsverarbeitung, Textverarbeitung und Stenografie\",\"publisher\":{\"@id\":\"https:\/\/www.stenografenbund.de\/#organization\"},\"potentialAction\":[{\"@type\":\"SearchAction\",\"target\":{\"@type\":\"EntryPoint\",\"urlTemplate\":\"https:\/\/www.stenografenbund.de\/?s={search_term_string}\"},\"query-input\":{\"@type\":\"PropertyValueSpecification\",\"valueRequired\":true,\"valueName\":\"search_term_string\"}}],\"inLanguage\":\"de\"},{\"@type\":\"Organization\",\"@id\":\"https:\/\/www.stenografenbund.de\/#organization\",\"name\":\"Deutscher Stenografenbund E. V.\",\"url\":\"https:\/\/www.stenografenbund.de\/\",\"logo\":{\"@type\":\"ImageObject\",\"inLanguage\":\"de\",\"@id\":\"https:\/\/www.stenografenbund.de\/#\/schema\/logo\/image\/\",\"url\":\"https:\/\/www.stenografenbund.de\/wp-content\/uploads\/2019\/02\/cropped-DStB_Logo_NEU_2.png\",\"contentUrl\":\"https:\/\/www.stenografenbund.de\/wp-content\/uploads\/2019\/02\/cropped-DStB_Logo_NEU_2.png\",\"width\":499,\"height\":91,\"caption\":\"Deutscher Stenografenbund E. V.\"},\"image\":{\"@id\":\"https:\/\/www.stenografenbund.de\/#\/schema\/logo\/image\/\"}}]}<\/script>\n<!-- \/ Yoast SEO plugin. -->","yoast_head_json":{"title":"Downloads - Deutscher Stenografenbund E. V.","robots":{"index":"index","follow":"follow","max-snippet":"max-snippet:-1","max-image-preview":"max-image-preview:large","max-video-preview":"max-video-preview:-1"},"canonical":"https:\/\/www.stenografenbund.de\/?page_id=957","og_locale":"de_DE","og_type":"article","og_title":"Downloads - Deutscher Stenografenbund E. V.","og_description":"In unserem Downloadbereich haben wir alle relevanten Dokumente f\u00fcr Sie zusammengefasst. Die Downloads stehen jeweils als PDF-Dokument zur Verf\u00fcgung und k\u00f6nnen direkt auf Ihren Computer heruntergeladen werden. Zum Betrachten der Dateien ben\u00f6tigen Sie ein PDF-Anzeigeprogramm,","og_url":"https:\/\/www.stenografenbund.de\/?page_id=957","og_site_name":"Deutscher Stenografenbund E. V.","article_modified_time":"2026-01-20T11:31:34+00:00","og_image":[{"width":194,"height":145,"url":"https:\/\/www.stenografenbund.de\/wp-content\/uploads\/2017\/11\/fueller_papier.jpg","type":"image\/jpeg"}],"twitter_card":"summary_large_image","twitter_misc":{"Gesch\u00e4tzte Lesezeit":"1\u00a0Minute"},"schema":{"@context":"https:\/\/schema.org","@graph":[{"@type":"WebPage","@id":"https:\/\/www.stenografenbund.de\/?page_id=957","url":"https:\/\/www.stenografenbund.de\/?page_id=957","name":"Downloads - Deutscher Stenografenbund E. V.","isPartOf":{"@id":"https:\/\/www.stenografenbund.de\/#website"},"primaryImageOfPage":{"@id":"https:\/\/www.stenografenbund.de\/?page_id=957#primaryimage"},"image":{"@id":"https:\/\/www.stenografenbund.de\/?page_id=957#primaryimage"},"thumbnailUrl":"http:\/\/www.stenografenbund.de\/wp-content\/uploads\/2017\/11\/fueller_papier-150x145.jpg","datePublished":"2017-11-15T15:36:43+00:00","dateModified":"2026-01-20T11:31:34+00:00","breadcrumb":{"@id":"https:\/\/www.stenografenbund.de\/?page_id=957#breadcrumb"},"inLanguage":"de","potentialAction":[{"@type":"ReadAction","target":["https:\/\/www.stenografenbund.de\/?page_id=957"]}]},{"@type":"ImageObject","inLanguage":"de","@id":"https:\/\/www.stenografenbund.de\/?page_id=957#primaryimage","url":"https:\/\/www.stenografenbund.de\/wp-content\/uploads\/2017\/11\/fueller_papier.jpg","contentUrl":"https:\/\/www.stenografenbund.de\/wp-content\/uploads\/2017\/11\/fueller_papier.jpg","width":194,"height":145},{"@type":"BreadcrumbList","@id":"https:\/\/www.stenografenbund.de\/?page_id=957#breadcrumb","itemListElement":[{"@type":"ListItem","position":1,"name":"Startseite","item":"https:\/\/www.stenografenbund.de\/"},{"@type":"ListItem","position":2,"name":"Downloads"}]},{"@type":"WebSite","@id":"https:\/\/www.stenografenbund.de\/#website","url":"https:\/\/www.stenografenbund.de\/","name":"Deutscher Stenografenbund E. V.","description":"Bundesverband f\u00fcr Informationsverarbeitung, Textverarbeitung und Stenografie","publisher":{"@id":"https:\/\/www.stenografenbund.de\/#organization"},"potentialAction":[{"@type":"SearchAction","target":{"@type":"EntryPoint","urlTemplate":"https:\/\/www.stenografenbund.de\/?s={search_term_string}"},"query-input":{"@type":"PropertyValueSpecification","valueRequired":true,"valueName":"search_term_string"}}],"inLanguage":"de"},{"@type":"Organization","@id":"https:\/\/www.stenografenbund.de\/#organization","name":"Deutscher Stenografenbund E. V.","url":"https:\/\/www.stenografenbund.de\/","logo":{"@type":"ImageObject","inLanguage":"de","@id":"https:\/\/www.stenografenbund.de\/#\/schema\/logo\/image\/","url":"https:\/\/www.stenografenbund.de\/wp-content\/uploads\/2019\/02\/cropped-DStB_Logo_NEU_2.png","contentUrl":"https:\/\/www.stenografenbund.de\/wp-content\/uploads\/2019\/02\/cropped-DStB_Logo_NEU_2.png","width":499,"height":91,"caption":"Deutscher Stenografenbund E. V."},"image":{"@id":"https:\/\/www.stenografenbund.de\/#\/schema\/logo\/image\/"}}]}},"_links":{"self":[{"href":"https:\/\/www.stenografenbund.de\/index.php?rest_route=\/wp\/v2\/pages\/957","targetHints":{"allow":["GET"]}}],"collection":[{"href":"https:\/\/www.stenografenbund.de\/index.php?rest_route=\/wp\/v2\/pages"}],"about":[{"href":"https:\/\/www.stenografenbund.de\/index.php?rest_route=\/wp\/v2\/types\/page"}],"author":[{"embeddable":true,"href":"https:\/\/www.stenografenbund.de\/index.php?rest_route=\/wp\/v2\/users\/1"}],"replies":[{"embeddable":true,"href":"https:\/\/www.stenografenbund.de\/index.php?rest_route=%2Fwp%2Fv2%2Fcomments&post=957"}],"version-history":[{"count":22,"href":"https:\/\/www.stenografenbund.de\/index.php?rest_route=\/wp\/v2\/pages\/957\/revisions"}],"predecessor-version":[{"id":3257,"href":"https:\/\/www.stenografenbund.de\/index.php?rest_route=\/wp\/v2\/pages\/957\/revisions\/3257"}],"wp:attachment":[{"href":"https:\/\/www.stenografenbund.de\/index.php?rest_route=%2Fwp%2Fv2%2Fmedia&parent=957"}],"curies":[{"name":"wp","href":"https:\/\/api.w.org\/{rel}","templated":true}]}}