{"id":666,"date":"2017-07-12T09:53:09","date_gmt":"2017-07-12T07:53:09","guid":{"rendered":"http:\/\/www.stenografenbund.de\/?page_id=666"},"modified":"2023-02-20T11:10:31","modified_gmt":"2023-02-20T10:10:31","slug":"seniorenmeisterschaften-2","status":"publish","type":"page","link":"https:\/\/www.stenografenbund.de\/?page_id=666","title":{"rendered":"Seniorenmeisterschaften"},"content":{"rendered":"<p><strong><a href=\"http:\/\/www.stenografenbund.de\/wp-content\/uploads\/2017\/07\/Senioren-Foto.jpg\"><img loading=\"lazy\" decoding=\"async\" class=\"alignleft wp-image-661\" src=\"http:\/\/www.stenografenbund.de\/wp-content\/uploads\/2017\/07\/Senioren-Foto-1024x647.jpg\" alt=\"\" width=\"194\" height=\"123\" srcset=\"https:\/\/www.stenografenbund.de\/wp-content\/uploads\/2017\/07\/Senioren-Foto-1024x647.jpg 1024w, https:\/\/www.stenografenbund.de\/wp-content\/uploads\/2017\/07\/Senioren-Foto-300x189.jpg 300w, https:\/\/www.stenografenbund.de\/wp-content\/uploads\/2017\/07\/Senioren-Foto-768x485.jpg 768w, https:\/\/www.stenografenbund.de\/wp-content\/uploads\/2017\/07\/Senioren-Foto.jpg 1229w\" sizes=\"auto, (max-width: 194px) 100vw, 194px\" \/><\/a>Seit 2001 finden die j\u00e4hrlichen Seniorenmeisterschaften statt.<\/strong> Abwechselnd Anfang Dezember (in einem Weltmeisterschaftsjahr, z. B. 2017) oder im Sommer. Die Idee ist eine Art Klassentreffen unserer erfahrensten Stenografen und Tastschreiber bzw. eine W\u00fcrdigung f\u00fcr die langj\u00e4hrige Mitwirkung und Unterst\u00fctzung.<\/p>\n<p>F\u00fcr die Wettbewerbe werden zwei Altersklassen gebildet. Gruppe A von 50-64 Jahre und Gruppe B ab 65 Jahre. Mannschaften gibt es nicht.<\/p>\n<p>In Kurzschrift m\u00fcssen mindestens 3 Minuten in der jeweiligen Leistungsklasse \u00fcbertragen werden. Angeboten wird die Grundklasse und P1 sowie P1 und P2 in jeweils einer Gruppe. Erst nach Ansage beider Diktate m\u00fcssen sich die Teilnehmer entscheiden, welchen Text sie \u00fcbertragen. Angesagt wird jeweils zun\u00e4chst die h\u00f6here Geschwindigkeit. Daneben gibt es nat\u00fcrlich weiterhin Gruppen nur f\u00fcr P2 bzw. Meisterklasse.<\/p>\n<p>Im 20-Minuten-Tastschreiben betr\u00e4gt die Mindestleistung 200 Anschl\u00e4ge pro Minute. Eine Kombinationswertung wird automatisch vorgenommen.<\/p>\n<p>Alle erfolgreichen Teilnehmerinnen und Teilnehmer erhalten eine Urkunde. Die 3 Erstplatzierten in Kurzschrift, in der Texterfassung und in der Kombinationswertung erhalten eine Medaille. Der Gesamtsieger bzw. die Gesamtsiegerin erh\u00e4lt den 2009 gestifteten Helga-Protz-Ged\u00e4chtnis-Wanderpokal.<\/p>\n<p>Interessierte Ausrichter k\u00f6nnen sich gerne an uns wenden. F\u00fcr die Wettbewerbe gilt die aktuelle Fassung der Wettschreibordnung. Verpassen Sie keine wichtigen Informationen und melden Sie sich zu unserem <a href=\"http:\/\/www.stenografenbund.de\/?page_id=563\">E-Mail-Newsletter<\/a> an.<\/p>\n<p><span style=\"text-decoration: underline;\"><strong>Unsere Austragungsorte der Seniorenmeisterschaften seit Einf\u00fchrung in 2001:<\/strong><\/span><\/p>\n<p>2001 Jena \/ Th\u00fcringen (zum 1. Mal)<br \/>\n2002 Heilbad Heiligenstadt \/ Th\u00fcringen<br \/>\n2003 Haltern am See \/ Nordrhein-Westfalen<br \/>\n2004 Bad Zwischenahn \/ Niedersachsen<br \/>\n2005 Erfurt \/ Th\u00fcringen<br \/>\n2006 Rastatt \/ Baden-W\u00fcrttemberg<br \/>\n2007 Minden \/ Nordrhein-Westfalen<br \/>\n2008 Bad Schlema \/ Sachsen<br \/>\n2009 Berlin \/ Berlin<br \/>\n2010 Haltern am See \/ Nordrhein-Westfalen<br \/>\n2011 Dresden \/ Sachsen<br \/>\n2012 Marburg \/ Hessen<br \/>\n2013 Bad Salzuflen \/ Nordrhein-Westfalen<br \/>\n2014 Jena \/ Th\u00fcringen<br \/>\n2015 Soest \/ Nordrhein-Westfalen<br \/>\n2016 Goslar \/ Niedersachsen<br \/>\n2017 Marburg \/ Hessen &#8211;&gt; <a href=\"https:\/\/www.stenografenbund.de\/wp-content\/uploads\/2017\/12\/DSM2017_Ergebnisliste.pdf\" target=\"_blank\" rel=\"noopener noreferrer\">Ergebnisliste<\/a><br \/>\n2018 L\u00fcbbenau \/ Brandenburg &#8211;&gt; <a href=\"https:\/\/www.stenografenbund.de\/wp-content\/uploads\/2018\/07\/DSM2018_Ergebnisliste.pdf\" target=\"_blank\" rel=\"noopener noreferrer\">Ergebnisliste<\/a><br \/>\n2019 Kreis Unna \/ Nordrhein-Westfalen &#8211;&gt; <a href=\"https:\/\/www.stenografenbund.de\/wp-content\/uploads\/2019\/12\/2019_DSM_Ergebnisliste.pdf\" target=\"_blank\" rel=\"noopener noreferrer\">Ergebnisliste<\/a><br \/>\n2022 Langen \/ Hessen &#8211;&gt; <a href=\"https:\/\/www.stenografenbund.de\/wp-content\/uploads\/2022\/11\/2022-DSM_Langen-Ergebnisliste.pdf\" target=\"_blank\" rel=\"noopener\">Ergebnisliste<\/a><\/p>\n","protected":false},"excerpt":{"rendered":"<p>Seit 2001 finden die j\u00e4hrlichen Seniorenmeisterschaften statt. Abwechselnd Anfang Dezember (in einem Weltmeisterschaftsjahr, z. B. 2017) oder im Sommer. Die Idee ist eine Art Klassentreffen unserer erfahrensten Stenografen und Tastschreiber bzw. eine W\u00fcrdigung f\u00fcr die<\/p>\n","protected":false},"author":1,"featured_media":0,"parent":0,"menu_order":0,"comment_status":"closed","ping_status":"closed","template":"","meta":{"ngg_post_thumbnail":0,"footnotes":""},"class_list":["post-666","page","type-page","status-publish","hentry"],"yoast_head":"<!-- This site is optimized with the Yoast SEO plugin v27.2 - https:\/\/yoast.com\/product\/yoast-seo-wordpress\/ -->\n<title>Seniorenmeisterschaften - Deutscher Stenografenbund E. V.<\/title>\n<meta name=\"robots\" content=\"index, follow, max-snippet:-1, max-image-preview:large, max-video-preview:-1\" \/>\n<link rel=\"canonical\" href=\"https:\/\/www.stenografenbund.de\/?page_id=666\" \/>\n<meta property=\"og:locale\" content=\"de_DE\" \/>\n<meta property=\"og:type\" content=\"article\" \/>\n<meta property=\"og:title\" content=\"Seniorenmeisterschaften - Deutscher Stenografenbund E. V.\" \/>\n<meta property=\"og:description\" content=\"Seit 2001 finden die j\u00e4hrlichen Seniorenmeisterschaften statt. Abwechselnd Anfang Dezember (in einem Weltmeisterschaftsjahr, z. B. 2017) oder im Sommer. Die Idee ist eine Art Klassentreffen unserer erfahrensten Stenografen und Tastschreiber bzw. eine W\u00fcrdigung f\u00fcr die\" \/>\n<meta property=\"og:url\" content=\"https:\/\/www.stenografenbund.de\/?page_id=666\" \/>\n<meta property=\"og:site_name\" content=\"Deutscher Stenografenbund E. V.\" \/>\n<meta property=\"article:modified_time\" content=\"2023-02-20T10:10:31+00:00\" \/>\n<meta property=\"og:image\" content=\"http:\/\/www.stenografenbund.de\/wp-content\/uploads\/2017\/07\/Senioren-Foto-1024x647.jpg\" \/>\n<meta name=\"twitter:card\" content=\"summary_large_image\" \/>\n<meta name=\"twitter:label1\" content=\"Gesch\u00e4tzte Lesezeit\" \/>\n\t<meta name=\"twitter:data1\" content=\"2\u00a0Minuten\" \/>\n<script type=\"application\/ld+json\" class=\"yoast-schema-graph\">{\"@context\":\"https:\/\/schema.org\",\"@graph\":[{\"@type\":\"WebPage\",\"@id\":\"https:\/\/www.stenografenbund.de\/?page_id=666\",\"url\":\"https:\/\/www.stenografenbund.de\/?page_id=666\",\"name\":\"Seniorenmeisterschaften - Deutscher Stenografenbund E. V.\",\"isPartOf\":{\"@id\":\"https:\/\/www.stenografenbund.de\/#website\"},\"primaryImageOfPage\":{\"@id\":\"https:\/\/www.stenografenbund.de\/?page_id=666#primaryimage\"},\"image\":{\"@id\":\"https:\/\/www.stenografenbund.de\/?page_id=666#primaryimage\"},\"thumbnailUrl\":\"http:\/\/www.stenografenbund.de\/wp-content\/uploads\/2017\/07\/Senioren-Foto-1024x647.jpg\",\"datePublished\":\"2017-07-12T07:53:09+00:00\",\"dateModified\":\"2023-02-20T10:10:31+00:00\",\"breadcrumb\":{\"@id\":\"https:\/\/www.stenografenbund.de\/?page_id=666#breadcrumb\"},\"inLanguage\":\"de\",\"potentialAction\":[{\"@type\":\"ReadAction\",\"target\":[\"https:\/\/www.stenografenbund.de\/?page_id=666\"]}]},{\"@type\":\"ImageObject\",\"inLanguage\":\"de\",\"@id\":\"https:\/\/www.stenografenbund.de\/?page_id=666#primaryimage\",\"url\":\"https:\/\/www.stenografenbund.de\/wp-content\/uploads\/2017\/07\/Senioren-Foto.jpg\",\"contentUrl\":\"https:\/\/www.stenografenbund.de\/wp-content\/uploads\/2017\/07\/Senioren-Foto.jpg\",\"width\":1229,\"height\":776},{\"@type\":\"BreadcrumbList\",\"@id\":\"https:\/\/www.stenografenbund.de\/?page_id=666#breadcrumb\",\"itemListElement\":[{\"@type\":\"ListItem\",\"position\":1,\"name\":\"Startseite\",\"item\":\"https:\/\/www.stenografenbund.de\/\"},{\"@type\":\"ListItem\",\"position\":2,\"name\":\"Seniorenmeisterschaften\"}]},{\"@type\":\"WebSite\",\"@id\":\"https:\/\/www.stenografenbund.de\/#website\",\"url\":\"https:\/\/www.stenografenbund.de\/\",\"name\":\"Deutscher Stenografenbund E. V.\",\"description\":\"Bundesverband f\u00fcr Informationsverarbeitung, Textverarbeitung und Stenografie\",\"publisher\":{\"@id\":\"https:\/\/www.stenografenbund.de\/#organization\"},\"potentialAction\":[{\"@type\":\"SearchAction\",\"target\":{\"@type\":\"EntryPoint\",\"urlTemplate\":\"https:\/\/www.stenografenbund.de\/?s={search_term_string}\"},\"query-input\":{\"@type\":\"PropertyValueSpecification\",\"valueRequired\":true,\"valueName\":\"search_term_string\"}}],\"inLanguage\":\"de\"},{\"@type\":\"Organization\",\"@id\":\"https:\/\/www.stenografenbund.de\/#organization\",\"name\":\"Deutscher Stenografenbund E. V.\",\"url\":\"https:\/\/www.stenografenbund.de\/\",\"logo\":{\"@type\":\"ImageObject\",\"inLanguage\":\"de\",\"@id\":\"https:\/\/www.stenografenbund.de\/#\/schema\/logo\/image\/\",\"url\":\"https:\/\/www.stenografenbund.de\/wp-content\/uploads\/2019\/02\/cropped-DStB_Logo_NEU_2.png\",\"contentUrl\":\"https:\/\/www.stenografenbund.de\/wp-content\/uploads\/2019\/02\/cropped-DStB_Logo_NEU_2.png\",\"width\":499,\"height\":91,\"caption\":\"Deutscher Stenografenbund E. V.\"},\"image\":{\"@id\":\"https:\/\/www.stenografenbund.de\/#\/schema\/logo\/image\/\"}}]}<\/script>\n<!-- \/ Yoast SEO plugin. -->","yoast_head_json":{"title":"Seniorenmeisterschaften - Deutscher Stenografenbund E. V.","robots":{"index":"index","follow":"follow","max-snippet":"max-snippet:-1","max-image-preview":"max-image-preview:large","max-video-preview":"max-video-preview:-1"},"canonical":"https:\/\/www.stenografenbund.de\/?page_id=666","og_locale":"de_DE","og_type":"article","og_title":"Seniorenmeisterschaften - Deutscher Stenografenbund E. V.","og_description":"Seit 2001 finden die j\u00e4hrlichen Seniorenmeisterschaften statt. Abwechselnd Anfang Dezember (in einem Weltmeisterschaftsjahr, z. B. 2017) oder im Sommer. Die Idee ist eine Art Klassentreffen unserer erfahrensten Stenografen und Tastschreiber bzw. eine W\u00fcrdigung f\u00fcr die","og_url":"https:\/\/www.stenografenbund.de\/?page_id=666","og_site_name":"Deutscher Stenografenbund E. V.","article_modified_time":"2023-02-20T10:10:31+00:00","og_image":[{"url":"http:\/\/www.stenografenbund.de\/wp-content\/uploads\/2017\/07\/Senioren-Foto-1024x647.jpg","type":"","width":"","height":""}],"twitter_card":"summary_large_image","twitter_misc":{"Gesch\u00e4tzte Lesezeit":"2\u00a0Minuten"},"schema":{"@context":"https:\/\/schema.org","@graph":[{"@type":"WebPage","@id":"https:\/\/www.stenografenbund.de\/?page_id=666","url":"https:\/\/www.stenografenbund.de\/?page_id=666","name":"Seniorenmeisterschaften - Deutscher Stenografenbund E. V.","isPartOf":{"@id":"https:\/\/www.stenografenbund.de\/#website"},"primaryImageOfPage":{"@id":"https:\/\/www.stenografenbund.de\/?page_id=666#primaryimage"},"image":{"@id":"https:\/\/www.stenografenbund.de\/?page_id=666#primaryimage"},"thumbnailUrl":"http:\/\/www.stenografenbund.de\/wp-content\/uploads\/2017\/07\/Senioren-Foto-1024x647.jpg","datePublished":"2017-07-12T07:53:09+00:00","dateModified":"2023-02-20T10:10:31+00:00","breadcrumb":{"@id":"https:\/\/www.stenografenbund.de\/?page_id=666#breadcrumb"},"inLanguage":"de","potentialAction":[{"@type":"ReadAction","target":["https:\/\/www.stenografenbund.de\/?page_id=666"]}]},{"@type":"ImageObject","inLanguage":"de","@id":"https:\/\/www.stenografenbund.de\/?page_id=666#primaryimage","url":"https:\/\/www.stenografenbund.de\/wp-content\/uploads\/2017\/07\/Senioren-Foto.jpg","contentUrl":"https:\/\/www.stenografenbund.de\/wp-content\/uploads\/2017\/07\/Senioren-Foto.jpg","width":1229,"height":776},{"@type":"BreadcrumbList","@id":"https:\/\/www.stenografenbund.de\/?page_id=666#breadcrumb","itemListElement":[{"@type":"ListItem","position":1,"name":"Startseite","item":"https:\/\/www.stenografenbund.de\/"},{"@type":"ListItem","position":2,"name":"Seniorenmeisterschaften"}]},{"@type":"WebSite","@id":"https:\/\/www.stenografenbund.de\/#website","url":"https:\/\/www.stenografenbund.de\/","name":"Deutscher Stenografenbund E. V.","description":"Bundesverband f\u00fcr Informationsverarbeitung, Textverarbeitung und Stenografie","publisher":{"@id":"https:\/\/www.stenografenbund.de\/#organization"},"potentialAction":[{"@type":"SearchAction","target":{"@type":"EntryPoint","urlTemplate":"https:\/\/www.stenografenbund.de\/?s={search_term_string}"},"query-input":{"@type":"PropertyValueSpecification","valueRequired":true,"valueName":"search_term_string"}}],"inLanguage":"de"},{"@type":"Organization","@id":"https:\/\/www.stenografenbund.de\/#organization","name":"Deutscher Stenografenbund E. V.","url":"https:\/\/www.stenografenbund.de\/","logo":{"@type":"ImageObject","inLanguage":"de","@id":"https:\/\/www.stenografenbund.de\/#\/schema\/logo\/image\/","url":"https:\/\/www.stenografenbund.de\/wp-content\/uploads\/2019\/02\/cropped-DStB_Logo_NEU_2.png","contentUrl":"https:\/\/www.stenografenbund.de\/wp-content\/uploads\/2019\/02\/cropped-DStB_Logo_NEU_2.png","width":499,"height":91,"caption":"Deutscher Stenografenbund E. V."},"image":{"@id":"https:\/\/www.stenografenbund.de\/#\/schema\/logo\/image\/"}}]}},"_links":{"self":[{"href":"https:\/\/www.stenografenbund.de\/index.php?rest_route=\/wp\/v2\/pages\/666","targetHints":{"allow":["GET"]}}],"collection":[{"href":"https:\/\/www.stenografenbund.de\/index.php?rest_route=\/wp\/v2\/pages"}],"about":[{"href":"https:\/\/www.stenografenbund.de\/index.php?rest_route=\/wp\/v2\/types\/page"}],"author":[{"embeddable":true,"href":"https:\/\/www.stenografenbund.de\/index.php?rest_route=\/wp\/v2\/users\/1"}],"replies":[{"embeddable":true,"href":"https:\/\/www.stenografenbund.de\/index.php?rest_route=%2Fwp%2Fv2%2Fcomments&post=666"}],"version-history":[{"count":9,"href":"https:\/\/www.stenografenbund.de\/index.php?rest_route=\/wp\/v2\/pages\/666\/revisions"}],"predecessor-version":[{"id":2859,"href":"https:\/\/www.stenografenbund.de\/index.php?rest_route=\/wp\/v2\/pages\/666\/revisions\/2859"}],"wp:attachment":[{"href":"https:\/\/www.stenografenbund.de\/index.php?rest_route=%2Fwp%2Fv2%2Fmedia&parent=666"}],"curies":[{"name":"wp","href":"https:\/\/api.w.org\/{rel}","templated":true}]}}