{"id":436,"date":"2017-02-12T09:21:57","date_gmt":"2017-02-12T08:21:57","guid":{"rendered":"http:\/\/www.stenografenbund.de\/?page_id=436"},"modified":"2020-12-09T14:04:38","modified_gmt":"2020-12-09T13:04:38","slug":"presseschau","status":"publish","type":"page","link":"https:\/\/www.stenografenbund.de\/?page_id=436","title":{"rendered":"Presseschau"},"content":{"rendered":"<p>Hier finden Sie eine Auswahl von Presseartikel auf den Verb\u00e4nden, Vereinen und anderen Themen rund um Stift und Tastatur.<\/p>\n<p>Sie haben einen interessanten Bericht f\u00fcr die Presseschau? Senden Sie diesen bitte an <a href=\"mailto:presseschau@stenografenbund.de\">presseschau@stenografenbund.de<\/a>.<\/p>\n<h2>2020<\/h2>\n<p>2020-12-07 &#8211; Schw\u00e4lmer Allgemeine &#8211; <a href=\"https:\/\/www.stenografenbund.de\/wp-content\/uploads\/2020\/12\/HNA-2020-12-07.pdf\" target=\"_blank\" rel=\"noopener\">Meister an der Tastatur<\/a><\/p>\n<h2>2019<\/h2>\n<h3>4. Quartal<\/h3>\n<table>\n<tbody>\n<tr>\n<td><strong>Datum<\/strong><\/td>\n<td><strong>Artikel<\/strong><\/td>\n<td><strong>Datei<\/strong><\/td>\n<td><strong>Download<\/strong><\/td>\n<\/tr>\n<tr>\n<td>2019-12-30<\/td>\n<td colspan=\"3\"><strong>Er hat es schon wieder getan \u2026<\/strong> Das Ehrenmitglied des VfI NRW, Eduard Colsman, steht erneut im Mittelpunkt eines Fernsehbeitrages, diesmal in der Drehscheibe im ZDF.&nbsp;<\/p>\n<p><strong><a href=\"https:\/\/www.zdf.de\/nachrichten\/drehscheibe\/expedition-velbert-102.html\" target=\"_blank\" rel=\"noopener noreferrer\">Beitrag in der ZDF Mediathek anschauen<\/a><\/strong><\/td>\n<\/tr>\n<tr>\n<td>2019-11-12<\/td>\n<td>Die weltbeste Protokollantin arbeitet im Landtag<\/td>\n<td>PDF<\/td>\n<td><a href=\"https:\/\/www.stenografenbund.de\/wp-content\/uploads\/2019\/11\/20191112_PNN_Weltbeste-Protokollantin-arbeitet-im-Brandenburger-Landtag.pdf\">20191112_PNN_Weltbeste Protokollantin arbeitet im Brandenburger Landtag<\/a><\/td>\n<\/tr>\n<tr>\n<td>2019-10-09<\/td>\n<td>Ehrenplakette in Gold f\u00fcr Horst Diehl<\/td>\n<td>JPG<\/td>\n<td><a href=\"https:\/\/www.stenografenbund.de\/wp-content\/uploads\/2019\/10\/2019-Ehrenplakette.pdf\" target=\"_blank\" rel=\"noopener noreferrer\">2019-Ehrenplakette.pdf<\/a><\/td>\n<\/tr>\n<\/tbody>\n<\/table>\n<h3>3. Quartal<\/h3>\n<table>\n<tbody>\n<tr>\n<td><strong>Datum<\/strong><\/td>\n<td><strong>Artikel<\/strong><\/td>\n<td><strong>Datei<\/strong><\/td>\n<td><strong>Download<\/strong><\/td>\n<\/tr>\n<tr>\n<td>2019-09-27<\/td>\n<td>Goldene Ehrenplakette f\u00fcr Karl Wilhelm Henke<\/td>\n<td>JPG<\/td>\n<td><a href=\"https:\/\/www.stenografenbund.de\/wp-content\/uploads\/2019\/10\/20190927_SoesterAnzeiger.jpg\" target=\"_blank\" rel=\"noopener noreferrer\">20190927_SoesterAnzeiger.jpg<\/a><\/td>\n<\/tr>\n<\/tbody>\n<\/table>\n<h2>2018<\/h2>\n<h3>3. Quartal<\/h3>\n<table>\n<tbody>\n<tr>\n<td><strong>Datum<\/strong><\/td>\n<td><strong>Artikel<\/strong><\/td>\n<td><strong>Datei<\/strong><\/td>\n<td><strong>Download<\/strong><\/td>\n<\/tr>\n<tr>\n<td>2018-08-18<\/td>\n<td>Stenografin wider den Diktierger\u00e4ten<\/td>\n<td>PDF<\/td>\n<td><a href=\"http:\/\/www.stenografenbund.de\/wp-content\/uploads\/2018\/09\/20180818_1864_RN_Dortmund.pdf\" target=\"_blank\" rel=\"noopener noreferrer\">20180818_1864_RN_Dortmund<\/a><\/td>\n<\/tr>\n<\/tbody>\n<\/table>\n<h3>2. Quartal<\/h3>\n<table>\n<tbody>\n<tr>\n<td><strong>Datum<\/strong><\/td>\n<td><strong>Artikel<\/strong><\/td>\n<td><strong>Datei<\/strong><\/td>\n<td><strong>Download<\/strong><\/td>\n<\/tr>\n<tr>\n<td>2018-04-25<\/td>\n<td>Das &#8222;K\u00fcrzeln&#8220; erfordert \u00dcbung<\/td>\n<td>PDF<\/td>\n<td><a href=\"http:\/\/www.stenografenbund.de\/wp-content\/uploads\/2018\/04\/20180425_Lippische_Landeszeitung.pdf\">20180425_Lippische_Landeszeitung<\/a><\/td>\n<\/tr>\n<\/tbody>\n<\/table>\n<h3>1. Quartal<\/h3>\n<table>\n<tbody>\n<tr>\n<td><strong>Datum<\/strong><\/td>\n<td><strong>Artikel<\/strong><\/td>\n<td><strong>Datei<\/strong><\/td>\n<td><strong>Download<\/strong><\/td>\n<\/tr>\n<tr>\n<td>2018-03-29<\/td>\n<td>Nordhessenmeisterschaften<\/td>\n<td>PDF<\/td>\n<td><a href=\"http:\/\/www.stenografenbund.de\/wp-content\/uploads\/2018\/03\/20180329_Schaelmer_Allgemeine.pdf\" target=\"_blank\" rel=\"noopener noreferrer\">20180329_Schaelmer_Allgemeine<\/a><\/td>\n<\/tr>\n<tr>\n<td>2018-03-13<\/td>\n<td>Horst Diehl wird Ehrenmitglied<\/td>\n<td>PDF<\/td>\n<td><a href=\"http:\/\/www.stenografenbund.de\/wp-content\/uploads\/2018\/03\/201803103_schwaelmer_allgemeine.pdf\" target=\"_blank\" rel=\"noopener noreferrer\">20180313_schwaelmer_allgemeine<\/a><\/td>\n<\/tr>\n<tr>\n<td>2018-02-14<\/td>\n<td>Bei diesem Wettbewerb hart am Anschlag<\/td>\n<td>PNG<\/td>\n<td><a href=\"http:\/\/www.stenografenbund.de\/wp-content\/uploads\/2018\/02\/20180114_NWZ.png\" target=\"_blank\" rel=\"noopener noreferrer\">20180114_NWZ.png<\/a><\/td>\n<\/tr>\n<tr>\n<td>2018-02-13<\/td>\n<td>Stenografie ist etwas wunderbares<\/td>\n<td>PNG<\/td>\n<td><a href=\"http:\/\/www.stenografenbund.de\/wp-content\/uploads\/2018\/02\/20180213NWZ.png\" target=\"_blank\" rel=\"noopener noreferrer\">20180213NWZ.png<\/a><\/td>\n<\/tr>\n<tr>\n<td>2018-02-12<\/td>\n<td>Flinke Finger mit 437 Anschl\u00e4gen\/Minute<\/td>\n<td>PNG<\/td>\n<td><a href=\"http:\/\/www.stenografenbund.de\/wp-content\/uploads\/2018\/02\/20180212_NWZ.png\" target=\"_blank\" rel=\"noopener noreferrer\">20180212_NWZ.png<\/a><\/td>\n<\/tr>\n<tr>\n<td>2018-02-05<\/td>\n<td>Stadtmeister im Unsch\u00f6nschreiben<\/td>\n<td>PNG<\/td>\n<td><a href=\"http:\/\/www.stenografenbund.de\/wp-content\/uploads\/2018\/02\/NWZ-05.02.2018.png\" target=\"_blank\" rel=\"noopener noreferrer\">NWZ-05.02.2018.png<\/a><\/td>\n<\/tr>\n<tr>\n<td>2018-01-30<\/td>\n<td>Stenografie lebt \u2013 Offene Stadtmeisterschaften starten<\/td>\n<td>PNG<\/td>\n<td><a href=\"http:\/\/www.stenografenbund.de\/wp-content\/uploads\/2018\/02\/NWZ-30.01.2018.png\" target=\"_blank\" rel=\"noopener noreferrer\">NWZ-30.01.2018.png<\/a><\/td>\n<\/tr>\n<\/tbody>\n<\/table>\n<h2>2017<\/h2>\n<h3>4. Quartal<\/h3>\n<table>\n<tbody>\n<tr>\n<td><strong>Datum<\/strong><\/td>\n<td><strong>Artikel<\/strong><\/td>\n<td><strong>Datei<\/strong><\/td>\n<td><strong>Download<\/strong><\/td>\n<\/tr>\n<tr>\n<td>2017-12-12<\/td>\n<td>Die Besten schaffen 480 Silben pro Minute<\/td>\n<td>PDF<\/td>\n<td><a href=\"http:\/\/www.stenografenbund.de\/wp-content\/uploads\/2017\/12\/20171212_OberhessischePresse.pdf\" target=\"_blank\" rel=\"noopener noreferrer\">20171212_OberhessischePresse<\/a><\/td>\n<\/tr>\n<tr>\n<td>2017-12<\/td>\n<td>Sahm ist Deutscher Meister<\/td>\n<td>JPEG<\/td>\n<td><a href=\"http:\/\/www.stenografenbund.de\/wp-content\/uploads\/2017\/12\/201712_Heimatzeitung_Offenbach.jpg\" target=\"_blank\" rel=\"noopener noreferrer\">201712_Heimatzeitung_Offenbach.jpg<\/a><\/td>\n<\/tr>\n<tr>\n<td>2017-11-20<\/td>\n<td>Schneller als der Computer<\/td>\n<td>PDF<\/td>\n<td><a href=\"http:\/\/www.stenografenbund.de\/wp-content\/uploads\/2017\/12\/20171120_MaerkischeAllgemeineZeitung-2.pdf\" target=\"_blank\" rel=\"noopener noreferrer\">20171120_MaerkischeAllgemeineZeitung<\/a><\/td>\n<\/tr>\n<tr>\n<td>2017-11-16<\/td>\n<td>Obertshausen stellt beste Schreibsportler<\/td>\n<td>PDF<\/td>\n<td><a href=\"http:\/\/www.stenografenbund.de\/wp-content\/uploads\/2017\/11\/20171116_Heimatbote_Obertshausen.pdf\" target=\"_blank\" rel=\"noopener noreferrer\">20171116_Heimatbote_Obertshausen<\/a><\/td>\n<\/tr>\n<tr>\n<td>2017-10-02<\/td>\n<td>Hochleistungssport mit Bleistift<\/td>\n<td>PDF<\/td>\n<td><a href=\"http:\/\/www.stenografenbund.de\/wp-content\/uploads\/2017\/11\/20171002_Nordbayerischer_Kurier.pdf\" target=\"_blank\" rel=\"noopener noreferrer\">20171002_Nordbayerischer_Kurier<\/a><\/td>\n<\/tr>\n<tr>\n<td>2017-10<\/td>\n<td>40-j\u00e4hriges Vereinsjubil\u00e4um B\u00fcrstadt<\/td>\n<td>PDF<\/td>\n<td><a href=\"http:\/\/www.stenografenbund.de\/wp-content\/uploads\/2017\/10\/2017-10_Jubilaeum_Buerstadt.pdf\" target=\"_blank\" rel=\"noopener noreferrer\">2017-10_Jubilaeum_Buerstadt<\/a><\/td>\n<\/tr>\n<tr>\n<td>2017-10-07<\/td>\n<td>Medaillenregen f\u00fcr Schnellschreiber<\/td>\n<td>PDF<\/td>\n<td><a href=\"http:\/\/www.stenografenbund.de\/wp-content\/uploads\/2017\/10\/201710_Lausitzer_Rundschau.pdf\" target=\"_blank\" rel=\"noopener noreferrer\">201710_M\u00fcnsterl\u00e4ndische_Volkszeitung<\/a><\/td>\n<\/tr>\n<\/tbody>\n<\/table>\n<h3>3. Quartal<\/h3>\n<table>\n<tbody>\n<tr>\n<td><strong>Datum<\/strong><\/td>\n<td><strong>Artikel<\/strong><\/td>\n<td><strong>Datei<\/strong><\/td>\n<td><strong>Download<\/strong><\/td>\n<\/tr>\n<tr>\n<td>2017-09-30<\/td>\n<td>Weltmeisterin in Brandenburgs Landtag<\/td>\n<td>PDF<\/td>\n<td><a href=\"http:\/\/www.stenografenbund.de\/wp-content\/uploads\/2017\/10\/201709_Lausitzer_Rundschau.pdf\" target=\"_blank\" rel=\"noopener noreferrer\">201709_Lausitzer_Rundschau<\/a><\/td>\n<\/tr>\n<tr>\n<td>2017-09-02<\/td>\n<td>Mit flinken Fingern nach ganz vorn<\/td>\n<td>PDF<\/td>\n<td><a href=\"http:\/\/www.stenografenbund.de\/wp-content\/uploads\/2017\/09\/2017-09-Mit-flinken-Fingern-nach-ganz-vorn-Delmenhorster-Kurier_-Aktuelle-Nachrichten-WESER-KURIER.pdf\" target=\"_blank\" rel=\"noopener noreferrer\">2017-09-Mit flinken Fingern &#8211; WESER-KURIER<\/a><\/td>\n<\/tr>\n<tr>\n<td>2017-08-22<\/td>\n<td>Schnell, schneller, Steno<\/td>\n<td>PDF<\/td>\n<td><a href=\"http:\/\/www.stenografenbund.de\/wp-content\/uploads\/2017\/08\/2017-08-schnell-schneller-steno.pdf\" target=\"_blank\" rel=\"noopener noreferrer\">2017-08-schnell-schneller-steno<\/a><\/td>\n<\/tr>\n<tr>\n<td>2017-08-10<\/td>\n<td>Salzuflerin Sylvia Beckers gewinnt bei VIVa.OWL<\/td>\n<td>PDF<\/td>\n<td><a href=\"http:\/\/www.stenografenbund.de\/wp-content\/uploads\/2017\/08\/2017-08-Lippische-Landeszeitung.pdf\" target=\"_blank\" rel=\"noopener noreferrer\">2017-08-Lippische Landeszeitung<\/a><\/td>\n<\/tr>\n<tr>\n<td>2017-08-08<\/td>\n<td>F\u00fcnf Medaillen f\u00fcr Oldenburger Teilnehmer<\/td>\n<td>PNG<\/td>\n<td><a href=\"http:\/\/www.stenografenbund.de\/wp-content\/uploads\/2017\/08\/2017-08NWZ-08.08.2017.png\" target=\"_blank\" rel=\"noopener noreferrer\">NWZ 08.08.2017<\/a><\/td>\n<\/tr>\n<tr>\n<td>2017-08-05<\/td>\n<td>Stenografenbund zeichnet Diehl aus<\/td>\n<td>PDF<\/td>\n<td><a href=\"http:\/\/www.stenografenbund.de\/wp-content\/uploads\/2017\/08\/2017-08-Plakette-DStB-Diehl-HNA.pdf\">2017-08 Plakette DStB &#8211; Diehl &#8211; HNA<\/a><\/td>\n<\/tr>\n<tr>\n<td>2017-08-04<\/td>\n<td>Auf das Museum ist stets Verlass<\/td>\n<td>PNG<\/td>\n<td><a href=\"http:\/\/www.stenografenbund.de\/wp-content\/uploads\/2017\/08\/2017-08-Nwz-04.08.2017.png\" target=\"_blank\" rel=\"noopener noreferrer\">Nwz 04.08.2017<\/a><\/td>\n<\/tr>\n<tr>\n<td>2017-07-15<\/td>\n<td>Stenografisch unterwegs<\/td>\n<td>PDF<\/td>\n<td><a href=\"http:\/\/www.stenografenbund.de\/wp-content\/uploads\/2017\/07\/20170716_NWZ160Jahre.pdf\">20170716_NWZ160Jahre<\/a><\/td>\n<\/tr>\n<tr>\n<td>2017-07-17<\/td>\n<td>Flott verfasste Silben bringen Silber<\/td>\n<td>PDF<\/td>\n<td><a href=\"http:\/\/www.stenografenbund.de\/wp-content\/uploads\/2017\/07\/LZ_14_07_2017.pdf\">LZ_14_07_2017<\/a><\/td>\n<\/tr>\n<tr>\n<td>2017-07-08<\/td>\n<td>Freude an fernen Felsen und Fantasien<\/td>\n<td>PNG<\/td>\n<td><a href=\"http:\/\/www.stenografenbund.de\/wp-content\/uploads\/2017\/07\/20170708_KWH-NWZ-Kultur.png\" target=\"_blank\" rel=\"noopener noreferrer\">KWH-NWZ-Kultur-08.07.2017<\/a><\/td>\n<\/tr>\n<\/tbody>\n<\/table>\n<h3>2. Quartal<\/h3>\n<table>\n<tbody>\n<tr>\n<td><strong>Datum<\/strong><\/td>\n<td><strong>Artikel<\/strong><\/td>\n<td><strong>Datei<\/strong><\/td>\n<td><strong>Download<\/strong><\/td>\n<\/tr>\n<tr>\n<td>2017-06-27<\/td>\n<td>Stenografen erneut hessische Meister<\/td>\n<td>PDF<\/td>\n<td><a href=\"http:\/\/www.stenografenbund.de\/wp-content\/uploads\/2017\/02\/2017-HMM-Neukirchen.pdf\">2017 HMM &#8211; Neukirchen<\/a><\/td>\n<\/tr>\n<tr>\n<td>2017-06-14<\/td>\n<td>Mit Silbermedaille aus Suhl zur\u00fcck<\/td>\n<td>PDF<\/td>\n<td><a href=\"http:\/\/www.stenografenbund.de\/wp-content\/uploads\/2017\/02\/LZ_14_06_2017.pdf\">LZ_14_06_2017<\/a><\/td>\n<\/tr>\n<tr>\n<td>2017-06-08<\/td>\n<td>Zum elften Mal Kurzschriftmeister<\/td>\n<td>PDF<\/td>\n<td><a href=\"http:\/\/www.stenografenbund.de\/wp-content\/uploads\/2017\/06\/201706_WR_Kamen.pdf\">201706_WR_Kamen<\/a><\/td>\n<\/tr>\n<tr>\n<td>2017-06-08<\/td>\n<td>Stenoverein dominiert in Suhl<\/td>\n<td>PDF<\/td>\n<td><a href=\"http:\/\/www.stenografenbund.de\/wp-content\/uploads\/2017\/06\/20170609_Do1864_RN.pdf\">20170609_Do1864_RN<\/a><\/td>\n<\/tr>\n<tr>\n<td>2017-06-02<\/td>\n<td>Medaillen f\u00fcr die Besten<\/td>\n<td>PDF<\/td>\n<td><a href=\"http:\/\/www.stenografenbund.de\/wp-content\/uploads\/2017\/06\/20170202_DM_Neukirchen.pdf\">20170602_Schwaelmer_Anzeiger<\/a><\/td>\n<\/tr>\n<tr>\n<td>2017-05-27<\/td>\n<td>DM, insuedthueringen.de<\/td>\n<td>PDF<\/td>\n<td><a href=\"http:\/\/www.stenografenbund.de\/wp-content\/uploads\/2017\/06\/20170527_DM2017_insuedthueringende.pdf\">Wenn der Chef zum Diktat ruft &#8211; Stenografen suchen Meister<\/a><\/td>\n<\/tr>\n<tr>\n<td>2017-05-19<\/td>\n<td>Einfach weggewischt, Neue Presse Coburg<\/td>\n<td>PDF<\/td>\n<td><a href=\"http:\/\/www.stenografenbund.de\/wp-content\/uploads\/2017\/06\/20170519_NeuePresse.pdf\">Einfach weggewischt<\/a><\/td>\n<\/tr>\n<tr>\n<td>2017-04-30<\/td>\n<td>Getrud Thaum\u00fcller, 85. Geburtstag<\/td>\n<td>JPG<\/td>\n<td><a href=\"http:\/\/www.stenografenbund.de\/wp-content\/uploads\/2017\/04\/170310_Thaum\u00fcller-Presseschau.png\">170310_Thaum\u00fcller-Presseschau.png<\/a><\/td>\n<\/tr>\n<tr>\n<td>2017-04-20<\/td>\n<td>Stenografenverein 1897 Langen E. V.<\/td>\n<td>PDF<\/td>\n<td><a href=\"http:\/\/www.stenografenbund.de\/wp-content\/uploads\/2017\/05\/20170420_Langener_Zeitung.pdf\">20170420_Langener_Zeitung<\/a><\/td>\n<\/tr>\n<\/tbody>\n<\/table>\n<h3>1. Quartal<\/h3>\n<table>\n<tbody>\n<tr>\n<td><strong>Datum<\/strong><\/td>\n<td><strong>Artikel<\/strong><\/td>\n<td><strong>Datei<\/strong><\/td>\n<td><strong>Download<\/strong><\/td>\n<\/tr>\n<tr>\n<td>2017-03-13<\/td>\n<td>Tastschreiben bietet viele Vorteile<\/td>\n<td>Link<\/td>\n<td><a href=\"https:\/\/bnn.de\/zisch-bnn\/tastschreiben-bietet-viele-vorteile\" target=\"_blank\" rel=\"noopener noreferrer\">https:\/\/bnn.de\/zisch-bnn\/tastschreiben-bietet-viele-vorteile<\/a><\/td>\n<\/tr>\n<tr>\n<td>2017-02-09<\/td>\n<td>M\u00e4rkische Allgemeinde<\/td>\n<td>PDF<\/td>\n<td><a href=\"http:\/\/www.stenografenbund.de\/wp-content\/uploads\/2017\/02\/Luckenwalde-\u2013-Die-Frau-mit-den-flinken-Fingern-\u2013-MAZ-M\u00e4rkische-Allgemeine.pdf\">Luckenwalde \u2013 Die Frau mit den flinken Fingern<\/a><\/td>\n<\/tr>\n<tr>\n<td>2017-02-08<\/td>\n<td>Schw\u00e4lmer Allgemeine<\/td>\n<td>JPG<\/td>\n<td><a href=\"http:\/\/www.stenografenbund.de\/wp-content\/uploads\/2017\/02\/2017-Neukirchen-JHV-und-VM.jpg\" target=\"_blank\" rel=\"noopener noreferrer\">2017-Neukirchen-JHV-und-VM<\/a><\/td>\n<\/tr>\n<\/tbody>\n<\/table>\n<h2>2016<\/h2>\n<h3>4. Quartal<\/h3>\n<table>\n<tbody>\n<tr>\n<td><strong>Datum<\/strong><\/td>\n<td><strong>Artikel<\/strong><\/td>\n<td><strong>Datei<\/strong><\/td>\n<td><strong>Download<\/strong><\/td>\n<\/tr>\n<tr>\n<td>2016-12-02<\/td>\n<td>HR1, Interview<\/td>\n<td>MP3<\/td>\n<td><audio class=\"wp-audio-shortcode\" id=\"audio-436-1\" preload=\"none\" style=\"width: 100%;\" controls=\"controls\"><source type=\"audio\/mpeg\" src=\"http:\/\/www.stenografenbund.de\/wp-content\/uploads\/2017\/02\/Interview-HR1-Parlamentsstenograf.mp3?_=1\" \/><a href=\"http:\/\/www.stenografenbund.de\/wp-content\/uploads\/2017\/02\/Interview-HR1-Parlamentsstenograf.mp3\">http:\/\/www.stenografenbund.de\/wp-content\/uploads\/2017\/02\/Interview-HR1-Parlamentsstenograf.mp3<\/a><\/audio><\/td>\n<\/tr>\n<\/tbody>\n<\/table>\n<h3>3. Quartal<\/h3>\n<p>&#8212;<\/p>\n<h3>2. Quartal<\/h3>\n<table>\n<tbody>\n<tr>\n<td><strong>Datum<\/strong><\/td>\n<td><strong>Artikel<\/strong><\/td>\n<td><strong>Datei<\/strong><\/td>\n<td><strong>Download<\/strong><\/td>\n<\/tr>\n<tr>\n<td>2016-04-27<\/td>\n<td>Akada Weiterbildung<\/td>\n<td>&nbsp;Youtube<\/td>\n<td><a href=\"https:\/\/www.youtube.com\/watch?v=fh45Az1OKeg\" target=\"_blank\" rel=\"noopener noreferrer\">YouTube Video-Link<\/a><\/td>\n<\/tr>\n<\/tbody>\n<\/table>\n<h3>1. Quartal<\/h3>\n<p>&#8212;<\/p>\n<p>&nbsp;<\/p>\n","protected":false},"excerpt":{"rendered":"<p>Hier finden Sie eine Auswahl von Presseartikel auf den Verb\u00e4nden, Vereinen und anderen Themen rund um Stift und Tastatur. Sie haben einen interessanten Bericht f\u00fcr die Presseschau? Senden Sie diesen bitte an presseschau@stenografenbund.de. 2020 2020-12-07<\/p>\n","protected":false},"author":1,"featured_media":0,"parent":0,"menu_order":0,"comment_status":"closed","ping_status":"closed","template":"","meta":{"ngg_post_thumbnail":0,"footnotes":""},"class_list":["post-436","page","type-page","status-publish","hentry"],"yoast_head":"<!-- This site is optimized with the Yoast SEO plugin v27.2 - https:\/\/yoast.com\/product\/yoast-seo-wordpress\/ -->\n<title>Presseschau - Deutscher Stenografenbund E. V.<\/title>\n<meta name=\"robots\" content=\"index, follow, max-snippet:-1, max-image-preview:large, max-video-preview:-1\" \/>\n<link rel=\"canonical\" href=\"https:\/\/www.stenografenbund.de\/?page_id=436\" \/>\n<meta property=\"og:locale\" content=\"de_DE\" \/>\n<meta property=\"og:type\" content=\"article\" \/>\n<meta property=\"og:title\" content=\"Presseschau - Deutscher Stenografenbund E. V.\" \/>\n<meta property=\"og:description\" content=\"Hier finden Sie eine Auswahl von Presseartikel auf den Verb\u00e4nden, Vereinen und anderen Themen rund um Stift und Tastatur. Sie haben einen interessanten Bericht f\u00fcr die Presseschau? Senden Sie diesen bitte an presseschau@stenografenbund.de. 2020 2020-12-07\" \/>\n<meta property=\"og:url\" content=\"https:\/\/www.stenografenbund.de\/?page_id=436\" \/>\n<meta property=\"og:site_name\" content=\"Deutscher Stenografenbund E. V.\" \/>\n<meta property=\"article:modified_time\" content=\"2020-12-09T13:04:38+00:00\" \/>\n<meta name=\"twitter:card\" content=\"summary_large_image\" \/>\n<meta name=\"twitter:label1\" content=\"Gesch\u00e4tzte Lesezeit\" \/>\n\t<meta name=\"twitter:data1\" content=\"3\u00a0Minuten\" \/>\n<script type=\"application\/ld+json\" class=\"yoast-schema-graph\">{\"@context\":\"https:\/\/schema.org\",\"@graph\":[{\"@type\":\"WebPage\",\"@id\":\"https:\/\/www.stenografenbund.de\/?page_id=436\",\"url\":\"https:\/\/www.stenografenbund.de\/?page_id=436\",\"name\":\"Presseschau - Deutscher Stenografenbund E. V.\",\"isPartOf\":{\"@id\":\"https:\/\/www.stenografenbund.de\/#website\"},\"datePublished\":\"2017-02-12T08:21:57+00:00\",\"dateModified\":\"2020-12-09T13:04:38+00:00\",\"breadcrumb\":{\"@id\":\"https:\/\/www.stenografenbund.de\/?page_id=436#breadcrumb\"},\"inLanguage\":\"de\",\"potentialAction\":[{\"@type\":\"ReadAction\",\"target\":[\"https:\/\/www.stenografenbund.de\/?page_id=436\"]}]},{\"@type\":\"BreadcrumbList\",\"@id\":\"https:\/\/www.stenografenbund.de\/?page_id=436#breadcrumb\",\"itemListElement\":[{\"@type\":\"ListItem\",\"position\":1,\"name\":\"Startseite\",\"item\":\"https:\/\/www.stenografenbund.de\/\"},{\"@type\":\"ListItem\",\"position\":2,\"name\":\"Presseschau\"}]},{\"@type\":\"WebSite\",\"@id\":\"https:\/\/www.stenografenbund.de\/#website\",\"url\":\"https:\/\/www.stenografenbund.de\/\",\"name\":\"Deutscher Stenografenbund E. V.\",\"description\":\"Bundesverband f\u00fcr Informationsverarbeitung, Textverarbeitung und Stenografie\",\"publisher\":{\"@id\":\"https:\/\/www.stenografenbund.de\/#organization\"},\"potentialAction\":[{\"@type\":\"SearchAction\",\"target\":{\"@type\":\"EntryPoint\",\"urlTemplate\":\"https:\/\/www.stenografenbund.de\/?s={search_term_string}\"},\"query-input\":{\"@type\":\"PropertyValueSpecification\",\"valueRequired\":true,\"valueName\":\"search_term_string\"}}],\"inLanguage\":\"de\"},{\"@type\":\"Organization\",\"@id\":\"https:\/\/www.stenografenbund.de\/#organization\",\"name\":\"Deutscher Stenografenbund E. V.\",\"url\":\"https:\/\/www.stenografenbund.de\/\",\"logo\":{\"@type\":\"ImageObject\",\"inLanguage\":\"de\",\"@id\":\"https:\/\/www.stenografenbund.de\/#\/schema\/logo\/image\/\",\"url\":\"https:\/\/www.stenografenbund.de\/wp-content\/uploads\/2019\/02\/cropped-DStB_Logo_NEU_2.png\",\"contentUrl\":\"https:\/\/www.stenografenbund.de\/wp-content\/uploads\/2019\/02\/cropped-DStB_Logo_NEU_2.png\",\"width\":499,\"height\":91,\"caption\":\"Deutscher Stenografenbund E. V.\"},\"image\":{\"@id\":\"https:\/\/www.stenografenbund.de\/#\/schema\/logo\/image\/\"}}]}<\/script>\n<!-- \/ Yoast SEO plugin. -->","yoast_head_json":{"title":"Presseschau - Deutscher Stenografenbund E. V.","robots":{"index":"index","follow":"follow","max-snippet":"max-snippet:-1","max-image-preview":"max-image-preview:large","max-video-preview":"max-video-preview:-1"},"canonical":"https:\/\/www.stenografenbund.de\/?page_id=436","og_locale":"de_DE","og_type":"article","og_title":"Presseschau - Deutscher Stenografenbund E. V.","og_description":"Hier finden Sie eine Auswahl von Presseartikel auf den Verb\u00e4nden, Vereinen und anderen Themen rund um Stift und Tastatur. Sie haben einen interessanten Bericht f\u00fcr die Presseschau? Senden Sie diesen bitte an presseschau@stenografenbund.de. 2020 2020-12-07","og_url":"https:\/\/www.stenografenbund.de\/?page_id=436","og_site_name":"Deutscher Stenografenbund E. V.","article_modified_time":"2020-12-09T13:04:38+00:00","twitter_card":"summary_large_image","twitter_misc":{"Gesch\u00e4tzte Lesezeit":"3\u00a0Minuten"},"schema":{"@context":"https:\/\/schema.org","@graph":[{"@type":"WebPage","@id":"https:\/\/www.stenografenbund.de\/?page_id=436","url":"https:\/\/www.stenografenbund.de\/?page_id=436","name":"Presseschau - Deutscher Stenografenbund E. V.","isPartOf":{"@id":"https:\/\/www.stenografenbund.de\/#website"},"datePublished":"2017-02-12T08:21:57+00:00","dateModified":"2020-12-09T13:04:38+00:00","breadcrumb":{"@id":"https:\/\/www.stenografenbund.de\/?page_id=436#breadcrumb"},"inLanguage":"de","potentialAction":[{"@type":"ReadAction","target":["https:\/\/www.stenografenbund.de\/?page_id=436"]}]},{"@type":"BreadcrumbList","@id":"https:\/\/www.stenografenbund.de\/?page_id=436#breadcrumb","itemListElement":[{"@type":"ListItem","position":1,"name":"Startseite","item":"https:\/\/www.stenografenbund.de\/"},{"@type":"ListItem","position":2,"name":"Presseschau"}]},{"@type":"WebSite","@id":"https:\/\/www.stenografenbund.de\/#website","url":"https:\/\/www.stenografenbund.de\/","name":"Deutscher Stenografenbund E. V.","description":"Bundesverband f\u00fcr Informationsverarbeitung, Textverarbeitung und Stenografie","publisher":{"@id":"https:\/\/www.stenografenbund.de\/#organization"},"potentialAction":[{"@type":"SearchAction","target":{"@type":"EntryPoint","urlTemplate":"https:\/\/www.stenografenbund.de\/?s={search_term_string}"},"query-input":{"@type":"PropertyValueSpecification","valueRequired":true,"valueName":"search_term_string"}}],"inLanguage":"de"},{"@type":"Organization","@id":"https:\/\/www.stenografenbund.de\/#organization","name":"Deutscher Stenografenbund E. V.","url":"https:\/\/www.stenografenbund.de\/","logo":{"@type":"ImageObject","inLanguage":"de","@id":"https:\/\/www.stenografenbund.de\/#\/schema\/logo\/image\/","url":"https:\/\/www.stenografenbund.de\/wp-content\/uploads\/2019\/02\/cropped-DStB_Logo_NEU_2.png","contentUrl":"https:\/\/www.stenografenbund.de\/wp-content\/uploads\/2019\/02\/cropped-DStB_Logo_NEU_2.png","width":499,"height":91,"caption":"Deutscher Stenografenbund E. V."},"image":{"@id":"https:\/\/www.stenografenbund.de\/#\/schema\/logo\/image\/"}}]}},"_links":{"self":[{"href":"https:\/\/www.stenografenbund.de\/index.php?rest_route=\/wp\/v2\/pages\/436","targetHints":{"allow":["GET"]}}],"collection":[{"href":"https:\/\/www.stenografenbund.de\/index.php?rest_route=\/wp\/v2\/pages"}],"about":[{"href":"https:\/\/www.stenografenbund.de\/index.php?rest_route=\/wp\/v2\/types\/page"}],"author":[{"embeddable":true,"href":"https:\/\/www.stenografenbund.de\/index.php?rest_route=\/wp\/v2\/users\/1"}],"replies":[{"embeddable":true,"href":"https:\/\/www.stenografenbund.de\/index.php?rest_route=%2Fwp%2Fv2%2Fcomments&post=436"}],"version-history":[{"count":77,"href":"https:\/\/www.stenografenbund.de\/index.php?rest_route=\/wp\/v2\/pages\/436\/revisions"}],"predecessor-version":[{"id":2644,"href":"https:\/\/www.stenografenbund.de\/index.php?rest_route=\/wp\/v2\/pages\/436\/revisions\/2644"}],"wp:attachment":[{"href":"https:\/\/www.stenografenbund.de\/index.php?rest_route=%2Fwp%2Fv2%2Fmedia&parent=436"}],"curies":[{"name":"wp","href":"https:\/\/api.w.org\/{rel}","templated":true}]}}