{"id":1782,"date":"2018-05-24T10:46:10","date_gmt":"2018-05-24T08:46:10","guid":{"rendered":"http:\/\/www.stenografenbund.de\/?page_id=1782"},"modified":"2018-11-16T08:48:25","modified_gmt":"2018-11-16T07:48:25","slug":"bps-2018-muenchen","status":"publish","type":"page","link":"https:\/\/www.stenografenbund.de\/?page_id=1782","title":{"rendered":"BPS 2018 \u2013 M\u00fcnchen"},"content":{"rendered":"<h4><strong>30. Bundespokalschreiben 2018 in M\u00fcnchen<br \/>\nund zweiter Teil der 150 Jahre Jubil\u00e4umsveranstaltung<\/strong><\/h4>\n<p><img loading=\"lazy\" decoding=\"async\" class=\"alignright size-medium wp-image-1904\" src=\"http:\/\/www.stenografenbund.de\/wp-content\/uploads\/2018\/11\/IMG_7955-300x200.jpg\" alt=\"\" width=\"300\" height=\"200\" srcset=\"https:\/\/www.stenografenbund.de\/wp-content\/uploads\/2018\/11\/IMG_7955-300x200.jpg 300w, https:\/\/www.stenografenbund.de\/wp-content\/uploads\/2018\/11\/IMG_7955-768x512.jpg 768w, https:\/\/www.stenografenbund.de\/wp-content\/uploads\/2018\/11\/IMG_7955-1024x683.jpg 1024w\" sizes=\"auto, (max-width: 300px) 100vw, 300px\" \/><\/p>\n<p>Am 10. und 11. November 2018 fand in M\u00fcnchen das 30. Bundespokalschreiben statt. Die Wettbewerbe konnten unter besten Bedingungen im Maximilianeum stattfinden. Als Rahmenprogramm bot der Deutsche Stenografenbund eine Stadtf\u00fchrung\u00a0unter fachkundiger Anleitung an. Die Abendveranstaltung mit einem exklusiven Auftritt des Kabarettisten Nepo Fitz fand im Wappensaal des Hofbr\u00e4uhauses statt, hier wurden auch zu sp\u00e4ter Stunde die erfolgreichen Mannschaften des 30. Bundespokalschreibens geehrt. Am Sonntag fand, ebenfalls im Wappensaal des Hofbr\u00e4uhauses, der zweite Teil der 150-Jahrfeier des Deutschen Stenografenbundes statt. Zu diesem zweiten Teil der Jubil\u00e4umsveranstaltung sprachen unter anderem der Ehrenpr\u00e4sident des Deutschen Stenografenbundes Gregor Keller, der vorsitzende des Kuratoriums R\u00fcdiger Grimm sowie Dr. Reiner Kressmann zu den anwesenden Teilnehmern und konnten tolle Einblicke in die 150-j\u00e4hrige Geschichte des Deutschen Stenografenbundes und der Vereinslandschaft in Deutschland geben.<\/p>\n<p><span style=\"text-decoration: underline;\"><strong>Die Sieger 2018:<\/strong><\/span><\/p>\n<p>30-Minuten-Schnellschreiben Erwachsene: Bayerischer Stenografenverband<br \/>\n30-Minuten-Schnellschreiben Jugendliche: Bayerischer Stenografenverband<\/p>\n<p>Kurzschrift Erwachsene: Norddeutscher Stenografenverband<\/p>\n<p>Textbearbeitung\/Textgestaltung Erwachsene: Verband f\u00fcr Informationsverarbeitung NRW<br \/>\nTextbearbeitung\/Textgestaltung Jugendliche: Verband f\u00fcr Informationsverarbeitung NRW<\/p>\n<p><span style=\"text-decoration: underline;\"><strong>Ergebnisliste:<\/strong><\/span><\/p>\n<p><a href=\"http:\/\/www.stenografenbund.de\/wp-content\/uploads\/2018\/11\/2019_BPS_Ergebnisliste.pdf\" target=\"_blank\" rel=\"noopener\">Ergebnisliste BPS 2018 (PDF)<\/a><\/p>\n","protected":false},"excerpt":{"rendered":"<p>30. Bundespokalschreiben 2018 in M\u00fcnchen und zweiter Teil der 150 Jahre Jubil\u00e4umsveranstaltung Am 10. und 11. November 2018 fand in M\u00fcnchen das 30. Bundespokalschreiben statt. Die Wettbewerbe konnten unter besten Bedingungen im Maximilianeum stattfinden. Als<\/p>\n","protected":false},"author":1,"featured_media":0,"parent":0,"menu_order":0,"comment_status":"closed","ping_status":"closed","template":"","meta":{"ngg_post_thumbnail":0,"footnotes":""},"class_list":["post-1782","page","type-page","status-publish","hentry"],"yoast_head":"<!-- This site is optimized with the Yoast SEO plugin v27.2 - https:\/\/yoast.com\/product\/yoast-seo-wordpress\/ -->\n<title>BPS 2018 \u2013 M\u00fcnchen - Deutscher Stenografenbund E. V.<\/title>\n<meta name=\"robots\" content=\"index, follow, max-snippet:-1, max-image-preview:large, max-video-preview:-1\" \/>\n<link rel=\"canonical\" href=\"https:\/\/www.stenografenbund.de\/?page_id=1782\" \/>\n<meta property=\"og:locale\" content=\"de_DE\" \/>\n<meta property=\"og:type\" content=\"article\" \/>\n<meta property=\"og:title\" content=\"BPS 2018 \u2013 M\u00fcnchen - Deutscher Stenografenbund E. V.\" \/>\n<meta property=\"og:description\" content=\"30. Bundespokalschreiben 2018 in M\u00fcnchen und zweiter Teil der 150 Jahre Jubil\u00e4umsveranstaltung Am 10. und 11. November 2018 fand in M\u00fcnchen das 30. Bundespokalschreiben statt. Die Wettbewerbe konnten unter besten Bedingungen im Maximilianeum stattfinden. Als\" \/>\n<meta property=\"og:url\" content=\"https:\/\/www.stenografenbund.de\/?page_id=1782\" \/>\n<meta property=\"og:site_name\" content=\"Deutscher Stenografenbund E. V.\" \/>\n<meta property=\"article:modified_time\" content=\"2018-11-16T07:48:25+00:00\" \/>\n<meta property=\"og:image\" content=\"http:\/\/www.stenografenbund.de\/wp-content\/uploads\/2018\/11\/IMG_7955-300x200.jpg\" \/>\n<meta name=\"twitter:card\" content=\"summary_large_image\" \/>\n<meta name=\"twitter:label1\" content=\"Gesch\u00e4tzte Lesezeit\" \/>\n\t<meta name=\"twitter:data1\" content=\"1\u00a0Minute\" \/>\n<script type=\"application\/ld+json\" class=\"yoast-schema-graph\">{\"@context\":\"https:\/\/schema.org\",\"@graph\":[{\"@type\":\"WebPage\",\"@id\":\"https:\/\/www.stenografenbund.de\/?page_id=1782\",\"url\":\"https:\/\/www.stenografenbund.de\/?page_id=1782\",\"name\":\"BPS 2018 \u2013 M\u00fcnchen - Deutscher Stenografenbund E. V.\",\"isPartOf\":{\"@id\":\"https:\/\/www.stenografenbund.de\/#website\"},\"primaryImageOfPage\":{\"@id\":\"https:\/\/www.stenografenbund.de\/?page_id=1782#primaryimage\"},\"image\":{\"@id\":\"https:\/\/www.stenografenbund.de\/?page_id=1782#primaryimage\"},\"thumbnailUrl\":\"http:\/\/www.stenografenbund.de\/wp-content\/uploads\/2018\/11\/IMG_7955-300x200.jpg\",\"datePublished\":\"2018-05-24T08:46:10+00:00\",\"dateModified\":\"2018-11-16T07:48:25+00:00\",\"breadcrumb\":{\"@id\":\"https:\/\/www.stenografenbund.de\/?page_id=1782#breadcrumb\"},\"inLanguage\":\"de\",\"potentialAction\":[{\"@type\":\"ReadAction\",\"target\":[\"https:\/\/www.stenografenbund.de\/?page_id=1782\"]}]},{\"@type\":\"ImageObject\",\"inLanguage\":\"de\",\"@id\":\"https:\/\/www.stenografenbund.de\/?page_id=1782#primaryimage\",\"url\":\"https:\/\/www.stenografenbund.de\/wp-content\/uploads\/2018\/11\/IMG_7955.jpg\",\"contentUrl\":\"https:\/\/www.stenografenbund.de\/wp-content\/uploads\/2018\/11\/IMG_7955.jpg\",\"width\":6000,\"height\":4000},{\"@type\":\"BreadcrumbList\",\"@id\":\"https:\/\/www.stenografenbund.de\/?page_id=1782#breadcrumb\",\"itemListElement\":[{\"@type\":\"ListItem\",\"position\":1,\"name\":\"Startseite\",\"item\":\"https:\/\/www.stenografenbund.de\/\"},{\"@type\":\"ListItem\",\"position\":2,\"name\":\"BPS 2018 \u2013 M\u00fcnchen\"}]},{\"@type\":\"WebSite\",\"@id\":\"https:\/\/www.stenografenbund.de\/#website\",\"url\":\"https:\/\/www.stenografenbund.de\/\",\"name\":\"Deutscher Stenografenbund E. V.\",\"description\":\"Bundesverband f\u00fcr Informationsverarbeitung, Textverarbeitung und Stenografie\",\"publisher\":{\"@id\":\"https:\/\/www.stenografenbund.de\/#organization\"},\"potentialAction\":[{\"@type\":\"SearchAction\",\"target\":{\"@type\":\"EntryPoint\",\"urlTemplate\":\"https:\/\/www.stenografenbund.de\/?s={search_term_string}\"},\"query-input\":{\"@type\":\"PropertyValueSpecification\",\"valueRequired\":true,\"valueName\":\"search_term_string\"}}],\"inLanguage\":\"de\"},{\"@type\":\"Organization\",\"@id\":\"https:\/\/www.stenografenbund.de\/#organization\",\"name\":\"Deutscher Stenografenbund E. V.\",\"url\":\"https:\/\/www.stenografenbund.de\/\",\"logo\":{\"@type\":\"ImageObject\",\"inLanguage\":\"de\",\"@id\":\"https:\/\/www.stenografenbund.de\/#\/schema\/logo\/image\/\",\"url\":\"https:\/\/www.stenografenbund.de\/wp-content\/uploads\/2019\/02\/cropped-DStB_Logo_NEU_2.png\",\"contentUrl\":\"https:\/\/www.stenografenbund.de\/wp-content\/uploads\/2019\/02\/cropped-DStB_Logo_NEU_2.png\",\"width\":499,\"height\":91,\"caption\":\"Deutscher Stenografenbund E. V.\"},\"image\":{\"@id\":\"https:\/\/www.stenografenbund.de\/#\/schema\/logo\/image\/\"}}]}<\/script>\n<!-- \/ Yoast SEO plugin. -->","yoast_head_json":{"title":"BPS 2018 \u2013 M\u00fcnchen - Deutscher Stenografenbund E. V.","robots":{"index":"index","follow":"follow","max-snippet":"max-snippet:-1","max-image-preview":"max-image-preview:large","max-video-preview":"max-video-preview:-1"},"canonical":"https:\/\/www.stenografenbund.de\/?page_id=1782","og_locale":"de_DE","og_type":"article","og_title":"BPS 2018 \u2013 M\u00fcnchen - Deutscher Stenografenbund E. V.","og_description":"30. Bundespokalschreiben 2018 in M\u00fcnchen und zweiter Teil der 150 Jahre Jubil\u00e4umsveranstaltung Am 10. und 11. November 2018 fand in M\u00fcnchen das 30. Bundespokalschreiben statt. Die Wettbewerbe konnten unter besten Bedingungen im Maximilianeum stattfinden. Als","og_url":"https:\/\/www.stenografenbund.de\/?page_id=1782","og_site_name":"Deutscher Stenografenbund E. V.","article_modified_time":"2018-11-16T07:48:25+00:00","og_image":[{"url":"http:\/\/www.stenografenbund.de\/wp-content\/uploads\/2018\/11\/IMG_7955-300x200.jpg","type":"","width":"","height":""}],"twitter_card":"summary_large_image","twitter_misc":{"Gesch\u00e4tzte Lesezeit":"1\u00a0Minute"},"schema":{"@context":"https:\/\/schema.org","@graph":[{"@type":"WebPage","@id":"https:\/\/www.stenografenbund.de\/?page_id=1782","url":"https:\/\/www.stenografenbund.de\/?page_id=1782","name":"BPS 2018 \u2013 M\u00fcnchen - Deutscher Stenografenbund E. V.","isPartOf":{"@id":"https:\/\/www.stenografenbund.de\/#website"},"primaryImageOfPage":{"@id":"https:\/\/www.stenografenbund.de\/?page_id=1782#primaryimage"},"image":{"@id":"https:\/\/www.stenografenbund.de\/?page_id=1782#primaryimage"},"thumbnailUrl":"http:\/\/www.stenografenbund.de\/wp-content\/uploads\/2018\/11\/IMG_7955-300x200.jpg","datePublished":"2018-05-24T08:46:10+00:00","dateModified":"2018-11-16T07:48:25+00:00","breadcrumb":{"@id":"https:\/\/www.stenografenbund.de\/?page_id=1782#breadcrumb"},"inLanguage":"de","potentialAction":[{"@type":"ReadAction","target":["https:\/\/www.stenografenbund.de\/?page_id=1782"]}]},{"@type":"ImageObject","inLanguage":"de","@id":"https:\/\/www.stenografenbund.de\/?page_id=1782#primaryimage","url":"https:\/\/www.stenografenbund.de\/wp-content\/uploads\/2018\/11\/IMG_7955.jpg","contentUrl":"https:\/\/www.stenografenbund.de\/wp-content\/uploads\/2018\/11\/IMG_7955.jpg","width":6000,"height":4000},{"@type":"BreadcrumbList","@id":"https:\/\/www.stenografenbund.de\/?page_id=1782#breadcrumb","itemListElement":[{"@type":"ListItem","position":1,"name":"Startseite","item":"https:\/\/www.stenografenbund.de\/"},{"@type":"ListItem","position":2,"name":"BPS 2018 \u2013 M\u00fcnchen"}]},{"@type":"WebSite","@id":"https:\/\/www.stenografenbund.de\/#website","url":"https:\/\/www.stenografenbund.de\/","name":"Deutscher Stenografenbund E. V.","description":"Bundesverband f\u00fcr Informationsverarbeitung, Textverarbeitung und Stenografie","publisher":{"@id":"https:\/\/www.stenografenbund.de\/#organization"},"potentialAction":[{"@type":"SearchAction","target":{"@type":"EntryPoint","urlTemplate":"https:\/\/www.stenografenbund.de\/?s={search_term_string}"},"query-input":{"@type":"PropertyValueSpecification","valueRequired":true,"valueName":"search_term_string"}}],"inLanguage":"de"},{"@type":"Organization","@id":"https:\/\/www.stenografenbund.de\/#organization","name":"Deutscher Stenografenbund E. V.","url":"https:\/\/www.stenografenbund.de\/","logo":{"@type":"ImageObject","inLanguage":"de","@id":"https:\/\/www.stenografenbund.de\/#\/schema\/logo\/image\/","url":"https:\/\/www.stenografenbund.de\/wp-content\/uploads\/2019\/02\/cropped-DStB_Logo_NEU_2.png","contentUrl":"https:\/\/www.stenografenbund.de\/wp-content\/uploads\/2019\/02\/cropped-DStB_Logo_NEU_2.png","width":499,"height":91,"caption":"Deutscher Stenografenbund E. V."},"image":{"@id":"https:\/\/www.stenografenbund.de\/#\/schema\/logo\/image\/"}}]}},"_links":{"self":[{"href":"https:\/\/www.stenografenbund.de\/index.php?rest_route=\/wp\/v2\/pages\/1782","targetHints":{"allow":["GET"]}}],"collection":[{"href":"https:\/\/www.stenografenbund.de\/index.php?rest_route=\/wp\/v2\/pages"}],"about":[{"href":"https:\/\/www.stenografenbund.de\/index.php?rest_route=\/wp\/v2\/types\/page"}],"author":[{"embeddable":true,"href":"https:\/\/www.stenografenbund.de\/index.php?rest_route=\/wp\/v2\/users\/1"}],"replies":[{"embeddable":true,"href":"https:\/\/www.stenografenbund.de\/index.php?rest_route=%2Fwp%2Fv2%2Fcomments&post=1782"}],"version-history":[{"count":13,"href":"https:\/\/www.stenografenbund.de\/index.php?rest_route=\/wp\/v2\/pages\/1782\/revisions"}],"predecessor-version":[{"id":1912,"href":"https:\/\/www.stenografenbund.de\/index.php?rest_route=\/wp\/v2\/pages\/1782\/revisions\/1912"}],"wp:attachment":[{"href":"https:\/\/www.stenografenbund.de\/index.php?rest_route=%2Fwp%2Fv2%2Fmedia&parent=1782"}],"curies":[{"name":"wp","href":"https:\/\/api.w.org\/{rel}","templated":true}]}}