{"id":1514,"date":"2018-01-03T09:45:59","date_gmt":"2018-01-03T08:45:59","guid":{"rendered":"http:\/\/www.stenografenbund.de\/?page_id=1514"},"modified":"2023-10-05T09:21:08","modified_gmt":"2023-10-05T07:21:08","slug":"mitgliederversammlung","status":"publish","type":"page","link":"https:\/\/www.stenografenbund.de\/?page_id=1514","title":{"rendered":"Mitgliederversammlung"},"content":{"rendered":"<p><img loading=\"lazy\" decoding=\"async\" class=\"size-medium wp-image-905 alignleft\" src=\"http:\/\/www.stenografenbund.de\/wp-content\/uploads\/2017\/11\/2017BPS012-300x200.jpg\" alt=\"\" width=\"300\" height=\"200\" srcset=\"https:\/\/www.stenografenbund.de\/wp-content\/uploads\/2017\/11\/2017BPS012-300x200.jpg 300w, https:\/\/www.stenografenbund.de\/wp-content\/uploads\/2017\/11\/2017BPS012-768x512.jpg 768w, https:\/\/www.stenografenbund.de\/wp-content\/uploads\/2017\/11\/2017BPS012.jpg 1024w\" sizes=\"auto, (max-width: 300px) 100vw, 300px\" \/>Die Mitgliederversammlung ist wie der Gesch\u00e4ftsf\u00fchrende Vorstand und der Gesamtvorstand ein wichtiges Organ in unserer Organisation. Die&nbsp;ordentliche&nbsp;Mitgliederversammlung findet j\u00e4hrlich innerhalb des ersten Kalenderhalbjahres statt. Diese ist f\u00fcr alle&nbsp;Mitglieder und Verbandsangeh\u00f6rige offen. G\u00e4ste k\u00f6nnen mit Zustimmung der Versammlung zugelassen werden. Antr\u00e4ge von Mitgliedern, von Organen des Deutschen Stenografenbundes und von dessen Jugendorganisation an die ordentliche Mitgliederversammlung m\u00fcssen jeweils sp\u00e4testens vier Wochen vorher schriftlich bei der Gesch\u00e4ftsstelle vorliegen.<\/p>\n<p>Zur Zust\u00e4ndigkeit der ordentlichen Mitgliederversammlung geh\u00f6ren zum Beispiel die Entgegennahme von T\u00e4tigkeitsberichten des Vorstandes und der Aussch\u00fcsse, Entgegennahme der Kassenpr\u00fcfungsberichte, Entlastung des Vorstandes, Best\u00e4tigung der Entlastung der Bundesjugendleitung, in jedem zweiten Jahr die Wahl des Gesch\u00e4ftsf\u00fchrenden Vorstandes, des Systemausschusses sowie von zwei Rechnungspr\u00fcfern und deren Stellvertretern, Ersatzwahl f\u00fcr vorzeitig ausgeschiedene Mitglieder des Gesch\u00e4ftsf\u00fchrenden Vorstandes, Best\u00e4tigung der Wahl der Bundesjugendleitung, Festsetzung des Jahresbeitrages und Beschlussfassung \u00fcber den Haushaltsplan des Deutschen Stenografenbundes, Festsetzung des Jahresbeitrages und Genehmigung des Haushalts der Jugendorganisation.<\/p>\n<p><strong>Die n\u00e4chste Mitgliederversammlung des Deutschen Stenografenbundes findet am 07.04.2024 in Dortmund statt.<\/strong><\/p>\n<p><span style=\"text-decoration: underline;\"><strong>Mitgliederversammlungen des DStB:<br \/>\n<\/strong><\/span><span style=\"font-size: 9.0pt; font-family: 'Verdana',sans-serif;\">24.04.2023 \u2013 Potsdam<br \/>\n24.04.2022 \u2013 Dortmund<br \/>\n<\/span><span style=\"font-size: 9.0pt; font-family: 'Verdana',sans-serif;\">18.04.2022 \u2013 online (coronabedingt)<br \/>\n12.05.2019 \u2013 Marburg<br \/>\n22.04.2018 \u2013 Bad Salzuflen<br \/>\n<\/span><span style=\"font-family: Verdana, sans-serif; font-size: 12px;\">07.05.2017 \u2013 Alsfeld<\/span><\/p>\n","protected":false},"excerpt":{"rendered":"<p>Die Mitgliederversammlung ist wie der Gesch\u00e4ftsf\u00fchrende Vorstand und der Gesamtvorstand ein wichtiges Organ in unserer Organisation. Die&nbsp;ordentliche&nbsp;Mitgliederversammlung findet j\u00e4hrlich innerhalb des ersten Kalenderhalbjahres statt. Diese ist f\u00fcr alle&nbsp;Mitglieder und Verbandsangeh\u00f6rige offen. G\u00e4ste k\u00f6nnen mit Zustimmung<\/p>\n","protected":false},"author":1,"featured_media":0,"parent":0,"menu_order":0,"comment_status":"closed","ping_status":"closed","template":"","meta":{"ngg_post_thumbnail":0,"footnotes":""},"class_list":["post-1514","page","type-page","status-publish","hentry"],"yoast_head":"<!-- This site is optimized with the Yoast SEO plugin v27.2 - https:\/\/yoast.com\/product\/yoast-seo-wordpress\/ -->\n<title>Mitgliederversammlung - Deutscher Stenografenbund E. V.<\/title>\n<meta name=\"robots\" content=\"index, follow, max-snippet:-1, max-image-preview:large, max-video-preview:-1\" \/>\n<link rel=\"canonical\" href=\"https:\/\/www.stenografenbund.de\/?page_id=1514\" \/>\n<meta property=\"og:locale\" content=\"de_DE\" \/>\n<meta property=\"og:type\" content=\"article\" \/>\n<meta property=\"og:title\" content=\"Mitgliederversammlung - Deutscher Stenografenbund E. V.\" \/>\n<meta property=\"og:description\" content=\"Die Mitgliederversammlung ist wie der Gesch\u00e4ftsf\u00fchrende Vorstand und der Gesamtvorstand ein wichtiges Organ in unserer Organisation. Die&nbsp;ordentliche&nbsp;Mitgliederversammlung findet j\u00e4hrlich innerhalb des ersten Kalenderhalbjahres statt. Diese ist f\u00fcr alle&nbsp;Mitglieder und Verbandsangeh\u00f6rige offen. G\u00e4ste k\u00f6nnen mit Zustimmung\" \/>\n<meta property=\"og:url\" content=\"https:\/\/www.stenografenbund.de\/?page_id=1514\" \/>\n<meta property=\"og:site_name\" content=\"Deutscher Stenografenbund E. V.\" \/>\n<meta property=\"article:modified_time\" content=\"2023-10-05T07:21:08+00:00\" \/>\n<meta property=\"og:image\" content=\"http:\/\/www.stenografenbund.de\/wp-content\/uploads\/2017\/11\/2017BPS012-300x200.jpg\" \/>\n<meta name=\"twitter:card\" content=\"summary_large_image\" \/>\n<meta name=\"twitter:label1\" content=\"Gesch\u00e4tzte Lesezeit\" \/>\n\t<meta name=\"twitter:data1\" content=\"2\u00a0Minuten\" \/>\n<script type=\"application\/ld+json\" class=\"yoast-schema-graph\">{\"@context\":\"https:\/\/schema.org\",\"@graph\":[{\"@type\":\"WebPage\",\"@id\":\"https:\/\/www.stenografenbund.de\/?page_id=1514\",\"url\":\"https:\/\/www.stenografenbund.de\/?page_id=1514\",\"name\":\"Mitgliederversammlung - Deutscher Stenografenbund E. V.\",\"isPartOf\":{\"@id\":\"https:\/\/www.stenografenbund.de\/#website\"},\"primaryImageOfPage\":{\"@id\":\"https:\/\/www.stenografenbund.de\/?page_id=1514#primaryimage\"},\"image\":{\"@id\":\"https:\/\/www.stenografenbund.de\/?page_id=1514#primaryimage\"},\"thumbnailUrl\":\"http:\/\/www.stenografenbund.de\/wp-content\/uploads\/2017\/11\/2017BPS012-300x200.jpg\",\"datePublished\":\"2018-01-03T08:45:59+00:00\",\"dateModified\":\"2023-10-05T07:21:08+00:00\",\"breadcrumb\":{\"@id\":\"https:\/\/www.stenografenbund.de\/?page_id=1514#breadcrumb\"},\"inLanguage\":\"de\",\"potentialAction\":[{\"@type\":\"ReadAction\",\"target\":[\"https:\/\/www.stenografenbund.de\/?page_id=1514\"]}]},{\"@type\":\"ImageObject\",\"inLanguage\":\"de\",\"@id\":\"https:\/\/www.stenografenbund.de\/?page_id=1514#primaryimage\",\"url\":\"https:\/\/www.stenografenbund.de\/wp-content\/uploads\/2017\/11\/2017BPS012.jpg\",\"contentUrl\":\"https:\/\/www.stenografenbund.de\/wp-content\/uploads\/2017\/11\/2017BPS012.jpg\",\"width\":1024,\"height\":683},{\"@type\":\"BreadcrumbList\",\"@id\":\"https:\/\/www.stenografenbund.de\/?page_id=1514#breadcrumb\",\"itemListElement\":[{\"@type\":\"ListItem\",\"position\":1,\"name\":\"Startseite\",\"item\":\"https:\/\/www.stenografenbund.de\/\"},{\"@type\":\"ListItem\",\"position\":2,\"name\":\"Mitgliederversammlung\"}]},{\"@type\":\"WebSite\",\"@id\":\"https:\/\/www.stenografenbund.de\/#website\",\"url\":\"https:\/\/www.stenografenbund.de\/\",\"name\":\"Deutscher Stenografenbund E. V.\",\"description\":\"Bundesverband f\u00fcr Informationsverarbeitung, Textverarbeitung und Stenografie\",\"publisher\":{\"@id\":\"https:\/\/www.stenografenbund.de\/#organization\"},\"potentialAction\":[{\"@type\":\"SearchAction\",\"target\":{\"@type\":\"EntryPoint\",\"urlTemplate\":\"https:\/\/www.stenografenbund.de\/?s={search_term_string}\"},\"query-input\":{\"@type\":\"PropertyValueSpecification\",\"valueRequired\":true,\"valueName\":\"search_term_string\"}}],\"inLanguage\":\"de\"},{\"@type\":\"Organization\",\"@id\":\"https:\/\/www.stenografenbund.de\/#organization\",\"name\":\"Deutscher Stenografenbund E. V.\",\"url\":\"https:\/\/www.stenografenbund.de\/\",\"logo\":{\"@type\":\"ImageObject\",\"inLanguage\":\"de\",\"@id\":\"https:\/\/www.stenografenbund.de\/#\/schema\/logo\/image\/\",\"url\":\"https:\/\/www.stenografenbund.de\/wp-content\/uploads\/2019\/02\/cropped-DStB_Logo_NEU_2.png\",\"contentUrl\":\"https:\/\/www.stenografenbund.de\/wp-content\/uploads\/2019\/02\/cropped-DStB_Logo_NEU_2.png\",\"width\":499,\"height\":91,\"caption\":\"Deutscher Stenografenbund E. V.\"},\"image\":{\"@id\":\"https:\/\/www.stenografenbund.de\/#\/schema\/logo\/image\/\"}}]}<\/script>\n<!-- \/ Yoast SEO plugin. -->","yoast_head_json":{"title":"Mitgliederversammlung - Deutscher Stenografenbund E. V.","robots":{"index":"index","follow":"follow","max-snippet":"max-snippet:-1","max-image-preview":"max-image-preview:large","max-video-preview":"max-video-preview:-1"},"canonical":"https:\/\/www.stenografenbund.de\/?page_id=1514","og_locale":"de_DE","og_type":"article","og_title":"Mitgliederversammlung - Deutscher Stenografenbund E. V.","og_description":"Die Mitgliederversammlung ist wie der Gesch\u00e4ftsf\u00fchrende Vorstand und der Gesamtvorstand ein wichtiges Organ in unserer Organisation. Die&nbsp;ordentliche&nbsp;Mitgliederversammlung findet j\u00e4hrlich innerhalb des ersten Kalenderhalbjahres statt. Diese ist f\u00fcr alle&nbsp;Mitglieder und Verbandsangeh\u00f6rige offen. G\u00e4ste k\u00f6nnen mit Zustimmung","og_url":"https:\/\/www.stenografenbund.de\/?page_id=1514","og_site_name":"Deutscher Stenografenbund E. V.","article_modified_time":"2023-10-05T07:21:08+00:00","og_image":[{"url":"http:\/\/www.stenografenbund.de\/wp-content\/uploads\/2017\/11\/2017BPS012-300x200.jpg","type":"","width":"","height":""}],"twitter_card":"summary_large_image","twitter_misc":{"Gesch\u00e4tzte Lesezeit":"2\u00a0Minuten"},"schema":{"@context":"https:\/\/schema.org","@graph":[{"@type":"WebPage","@id":"https:\/\/www.stenografenbund.de\/?page_id=1514","url":"https:\/\/www.stenografenbund.de\/?page_id=1514","name":"Mitgliederversammlung - Deutscher Stenografenbund E. V.","isPartOf":{"@id":"https:\/\/www.stenografenbund.de\/#website"},"primaryImageOfPage":{"@id":"https:\/\/www.stenografenbund.de\/?page_id=1514#primaryimage"},"image":{"@id":"https:\/\/www.stenografenbund.de\/?page_id=1514#primaryimage"},"thumbnailUrl":"http:\/\/www.stenografenbund.de\/wp-content\/uploads\/2017\/11\/2017BPS012-300x200.jpg","datePublished":"2018-01-03T08:45:59+00:00","dateModified":"2023-10-05T07:21:08+00:00","breadcrumb":{"@id":"https:\/\/www.stenografenbund.de\/?page_id=1514#breadcrumb"},"inLanguage":"de","potentialAction":[{"@type":"ReadAction","target":["https:\/\/www.stenografenbund.de\/?page_id=1514"]}]},{"@type":"ImageObject","inLanguage":"de","@id":"https:\/\/www.stenografenbund.de\/?page_id=1514#primaryimage","url":"https:\/\/www.stenografenbund.de\/wp-content\/uploads\/2017\/11\/2017BPS012.jpg","contentUrl":"https:\/\/www.stenografenbund.de\/wp-content\/uploads\/2017\/11\/2017BPS012.jpg","width":1024,"height":683},{"@type":"BreadcrumbList","@id":"https:\/\/www.stenografenbund.de\/?page_id=1514#breadcrumb","itemListElement":[{"@type":"ListItem","position":1,"name":"Startseite","item":"https:\/\/www.stenografenbund.de\/"},{"@type":"ListItem","position":2,"name":"Mitgliederversammlung"}]},{"@type":"WebSite","@id":"https:\/\/www.stenografenbund.de\/#website","url":"https:\/\/www.stenografenbund.de\/","name":"Deutscher Stenografenbund E. V.","description":"Bundesverband f\u00fcr Informationsverarbeitung, Textverarbeitung und Stenografie","publisher":{"@id":"https:\/\/www.stenografenbund.de\/#organization"},"potentialAction":[{"@type":"SearchAction","target":{"@type":"EntryPoint","urlTemplate":"https:\/\/www.stenografenbund.de\/?s={search_term_string}"},"query-input":{"@type":"PropertyValueSpecification","valueRequired":true,"valueName":"search_term_string"}}],"inLanguage":"de"},{"@type":"Organization","@id":"https:\/\/www.stenografenbund.de\/#organization","name":"Deutscher Stenografenbund E. V.","url":"https:\/\/www.stenografenbund.de\/","logo":{"@type":"ImageObject","inLanguage":"de","@id":"https:\/\/www.stenografenbund.de\/#\/schema\/logo\/image\/","url":"https:\/\/www.stenografenbund.de\/wp-content\/uploads\/2019\/02\/cropped-DStB_Logo_NEU_2.png","contentUrl":"https:\/\/www.stenografenbund.de\/wp-content\/uploads\/2019\/02\/cropped-DStB_Logo_NEU_2.png","width":499,"height":91,"caption":"Deutscher Stenografenbund E. V."},"image":{"@id":"https:\/\/www.stenografenbund.de\/#\/schema\/logo\/image\/"}}]}},"_links":{"self":[{"href":"https:\/\/www.stenografenbund.de\/index.php?rest_route=\/wp\/v2\/pages\/1514","targetHints":{"allow":["GET"]}}],"collection":[{"href":"https:\/\/www.stenografenbund.de\/index.php?rest_route=\/wp\/v2\/pages"}],"about":[{"href":"https:\/\/www.stenografenbund.de\/index.php?rest_route=\/wp\/v2\/types\/page"}],"author":[{"embeddable":true,"href":"https:\/\/www.stenografenbund.de\/index.php?rest_route=\/wp\/v2\/users\/1"}],"replies":[{"embeddable":true,"href":"https:\/\/www.stenografenbund.de\/index.php?rest_route=%2Fwp%2Fv2%2Fcomments&post=1514"}],"version-history":[{"count":11,"href":"https:\/\/www.stenografenbund.de\/index.php?rest_route=\/wp\/v2\/pages\/1514\/revisions"}],"predecessor-version":[{"id":2923,"href":"https:\/\/www.stenografenbund.de\/index.php?rest_route=\/wp\/v2\/pages\/1514\/revisions\/2923"}],"wp:attachment":[{"href":"https:\/\/www.stenografenbund.de\/index.php?rest_route=%2Fwp%2Fv2%2Fmedia&parent=1514"}],"curies":[{"name":"wp","href":"https:\/\/api.w.org\/{rel}","templated":true}]}}