{"id":1186,"date":"2017-12-02T12:06:04","date_gmt":"2017-12-02T11:06:04","guid":{"rendered":"http:\/\/www.stenografenbund.de\/?page_id=1186"},"modified":"2019-09-15T16:19:14","modified_gmt":"2019-09-15T14:19:14","slug":"formular-ehren-und-leistungsabzeichen","status":"publish","type":"page","link":"https:\/\/www.stenografenbund.de\/?page_id=1186","title":{"rendered":"\u00dcbersicht: Ehren- und Leistungsabzeichen"},"content":{"rendered":"<h4>Auf dieser Seite k\u00f6nnen Sie die Ehren\u2010 und Leistungsabzeichen des Deutschen Stenografenbundes direkt ausw\u00e4hlen und gem\u00e4\u00df der <a href=\"http:\/\/www.stenografenbund.de\/wp-content\/uploads\/2017\/12\/2017-11-05_DStB_Verleihungsordnung.pdf\">Verleihungsordnung<\/a> eine Bestellanfrage stellen:<\/h4>\n<p>&nbsp;<\/p>\n<table>\n<tbody>\n<tr>\n<td><\/td>\n<td>\n<h3><strong>Leistungsabzeichen Kurzschrift<\/strong><\/h3>\n<\/td>\n<td><\/td>\n<\/tr>\n<tr>\n<td><img loading=\"lazy\" decoding=\"async\" class=\"aligncenter wp-image-1320 size-thumbnail\" src=\"http:\/\/www.stenografenbund.de\/wp-content\/uploads\/2017\/12\/Kurzschrift_bronze_web-150x150.jpg\" alt=\"\" width=\"150\" height=\"150\" srcset=\"https:\/\/www.stenografenbund.de\/wp-content\/uploads\/2017\/12\/Kurzschrift_bronze_web-150x150.jpg 150w, https:\/\/www.stenografenbund.de\/wp-content\/uploads\/2017\/12\/Kurzschrift_bronze_web-300x300.jpg 300w, https:\/\/www.stenografenbund.de\/wp-content\/uploads\/2017\/12\/Kurzschrift_bronze_web.jpg 450w\" sizes=\"auto, (max-width: 150px) 100vw, 150px\" \/><\/td>\n<td><strong>Kurzschrift BRONZE<\/strong><br \/>\nMindestleistung: 100 Silben<br \/>\nPreis: 7,00 \u20ac (zzgl. Porto)<\/td>\n<td style=\"text-align: center;\"><a href=\"http:\/\/www.stenografenbund.de\/?page_id=1200\">Anfrage<br \/>\nstellen<\/a><\/td>\n<\/tr>\n<tr>\n<td>\u00a0<img loading=\"lazy\" decoding=\"async\" class=\"aligncenter wp-image-1322 size-thumbnail\" src=\"http:\/\/www.stenografenbund.de\/wp-content\/uploads\/2017\/12\/Kurzschrift_silber_web-150x150.jpg\" alt=\"\" width=\"150\" height=\"150\" srcset=\"https:\/\/www.stenografenbund.de\/wp-content\/uploads\/2017\/12\/Kurzschrift_silber_web-150x150.jpg 150w, https:\/\/www.stenografenbund.de\/wp-content\/uploads\/2017\/12\/Kurzschrift_silber_web-300x300.jpg 300w, https:\/\/www.stenografenbund.de\/wp-content\/uploads\/2017\/12\/Kurzschrift_silber_web.jpg 450w\" sizes=\"auto, (max-width: 150px) 100vw, 150px\" \/><\/td>\n<td><strong>Kurzschrift SILBER<\/strong><br \/>\nMindestleistung: 160 Silben<br \/>\nPreis: 7,00 \u20ac (zzgl. Porto)<\/td>\n<td style=\"text-align: center;\"><a href=\"http:\/\/www.stenografenbund.de\/?page_id=1373\">Anfrage<br \/>\nstellen<\/a><\/td>\n<\/tr>\n<tr>\n<td>\u00a0<img loading=\"lazy\" decoding=\"async\" class=\"aligncenter size-thumbnail wp-image-1333\" src=\"http:\/\/www.stenografenbund.de\/wp-content\/uploads\/2017\/12\/Kurzschrift_gold_web-1-150x150.jpg\" alt=\"\" width=\"150\" height=\"150\" srcset=\"https:\/\/www.stenografenbund.de\/wp-content\/uploads\/2017\/12\/Kurzschrift_gold_web-1-150x150.jpg 150w, https:\/\/www.stenografenbund.de\/wp-content\/uploads\/2017\/12\/Kurzschrift_gold_web-1-300x300.jpg 300w, https:\/\/www.stenografenbund.de\/wp-content\/uploads\/2017\/12\/Kurzschrift_gold_web-1.jpg 450w\" sizes=\"auto, (max-width: 150px) 100vw, 150px\" \/><\/td>\n<td><strong>Kurzschrift GOLD<\/strong><br \/>\nMindestleistung: 240 Silben<br \/>\nPreis: 7,00 \u20ac (zzgl. Porto)<\/td>\n<td style=\"text-align: center;\"><a href=\"http:\/\/www.stenografenbund.de\/?page_id=1375\">Anfrage<br \/>\nstellen<\/a><\/td>\n<\/tr>\n<tr>\n<td><\/td>\n<td><\/td>\n<td><\/td>\n<\/tr>\n<tr>\n<td><\/td>\n<td>\n<h3><strong>Leistungsabzeichen Texterfassung<\/strong><\/h3>\n<\/td>\n<td><\/td>\n<\/tr>\n<tr>\n<td>\u00a0<img loading=\"lazy\" decoding=\"async\" class=\"aligncenter size-thumbnail wp-image-1330\" src=\"http:\/\/www.stenografenbund.de\/wp-content\/uploads\/2017\/12\/Texterfassung_bronze_web-150x150.jpg\" alt=\"\" width=\"150\" height=\"150\" srcset=\"https:\/\/www.stenografenbund.de\/wp-content\/uploads\/2017\/12\/Texterfassung_bronze_web-150x150.jpg 150w, https:\/\/www.stenografenbund.de\/wp-content\/uploads\/2017\/12\/Texterfassung_bronze_web-300x300.jpg 300w, https:\/\/www.stenografenbund.de\/wp-content\/uploads\/2017\/12\/Texterfassung_bronze_web.jpg 450w\" sizes=\"auto, (max-width: 150px) 100vw, 150px\" \/><\/td>\n<td><strong>Texterfassung BRONZE<\/strong><br \/>\nMindestleistung:<br \/>\n200 Anschl\u00e4ge\/Min.<br \/>\n(min. 10 Minuten)<br \/>\nPreis: 7,00 \u20ac (zzgl. Porto)<\/td>\n<td style=\"text-align: center;\"><a href=\"http:\/\/www.stenografenbund.de\/?page_id=1379\">Anfrage<br \/>\nstellen<\/a><\/td>\n<\/tr>\n<tr>\n<td>\u00a0<img loading=\"lazy\" decoding=\"async\" class=\"aligncenter size-thumbnail wp-image-1332\" src=\"http:\/\/www.stenografenbund.de\/wp-content\/uploads\/2017\/12\/Texterfassung_silber_web-150x150.jpg\" alt=\"\" width=\"150\" height=\"150\" srcset=\"https:\/\/www.stenografenbund.de\/wp-content\/uploads\/2017\/12\/Texterfassung_silber_web-150x150.jpg 150w, https:\/\/www.stenografenbund.de\/wp-content\/uploads\/2017\/12\/Texterfassung_silber_web-300x300.jpg 300w, https:\/\/www.stenografenbund.de\/wp-content\/uploads\/2017\/12\/Texterfassung_silber_web.jpg 450w\" sizes=\"auto, (max-width: 150px) 100vw, 150px\" \/><\/td>\n<td><strong>Texterfassung SILBER<\/strong><br \/>\nMindestleistung:<br \/>\n280 Anschl\u00e4ge\/Min.<br \/>\n(min. 20 Minuten)<br \/>\nPreis: 7,00 \u20ac (zzgl. Porto)<\/td>\n<td style=\"text-align: center;\"><a href=\"http:\/\/www.stenografenbund.de\/?page_id=1381\">Anfrage<br \/>\nstellen<\/a><\/td>\n<\/tr>\n<tr>\n<td>\u00a0<img loading=\"lazy\" decoding=\"async\" class=\"aligncenter size-thumbnail wp-image-1331\" src=\"http:\/\/www.stenografenbund.de\/wp-content\/uploads\/2017\/12\/Texterfassung_gold_web-150x150.jpg\" alt=\"\" width=\"150\" height=\"150\" srcset=\"https:\/\/www.stenografenbund.de\/wp-content\/uploads\/2017\/12\/Texterfassung_gold_web-150x150.jpg 150w, https:\/\/www.stenografenbund.de\/wp-content\/uploads\/2017\/12\/Texterfassung_gold_web-300x300.jpg 300w, https:\/\/www.stenografenbund.de\/wp-content\/uploads\/2017\/12\/Texterfassung_gold_web.jpg 450w\" sizes=\"auto, (max-width: 150px) 100vw, 150px\" \/><\/td>\n<td><strong>Texterfassung GOLD<\/strong><br \/>\nMindestleistung:<br \/>\n360 Anschl\u00e4ge\/Min.<br \/>\n(min. 30 Minuten)<br \/>\nPreis: 7,00 \u20ac (zzgl. Porto)<\/td>\n<td style=\"text-align: center;\"><a href=\"http:\/\/www.stenografenbund.de\/?page_id=1383\">Anfrage<br \/>\nstellen<\/a><\/td>\n<\/tr>\n<tr>\n<td><\/td>\n<td><\/td>\n<td><\/td>\n<\/tr>\n<tr>\n<td><\/td>\n<td>\n<h3><strong>Leistungsabzeichen TBG<\/strong><\/h3>\n<\/td>\n<td><\/td>\n<\/tr>\n<tr>\n<td>\u00a0<img loading=\"lazy\" decoding=\"async\" class=\"aligncenter size-thumbnail wp-image-1327\" src=\"http:\/\/www.stenografenbund.de\/wp-content\/uploads\/2017\/12\/TBG_bronze_web-150x150.jpg\" alt=\"\" width=\"150\" height=\"150\" srcset=\"https:\/\/www.stenografenbund.de\/wp-content\/uploads\/2017\/12\/TBG_bronze_web-150x150.jpg 150w, https:\/\/www.stenografenbund.de\/wp-content\/uploads\/2017\/12\/TBG_bronze_web-300x300.jpg 300w, https:\/\/www.stenografenbund.de\/wp-content\/uploads\/2017\/12\/TBG_bronze_web.jpg 450w\" sizes=\"auto, (max-width: 150px) 100vw, 150px\" \/><\/td>\n<td><strong>TBG BRONZE<\/strong><br \/>\nMindestleistung:<br \/>\n60 Bearbeitungen<br \/>\nPreis: 7,00 \u20ac (zzgl. Porto)<\/td>\n<td style=\"text-align: center;\"><a href=\"http:\/\/www.stenografenbund.de\/?page_id=1385\">Anfrage<br \/>\nstellen<\/a><\/td>\n<\/tr>\n<tr>\n<td>\u00a0<img loading=\"lazy\" decoding=\"async\" class=\"aligncenter size-thumbnail wp-image-1329\" src=\"http:\/\/www.stenografenbund.de\/wp-content\/uploads\/2017\/12\/TBG_silber_web-150x150.jpg\" alt=\"\" width=\"150\" height=\"150\" srcset=\"https:\/\/www.stenografenbund.de\/wp-content\/uploads\/2017\/12\/TBG_silber_web-150x150.jpg 150w, https:\/\/www.stenografenbund.de\/wp-content\/uploads\/2017\/12\/TBG_silber_web-300x300.jpg 300w, https:\/\/www.stenografenbund.de\/wp-content\/uploads\/2017\/12\/TBG_silber_web.jpg 450w\" sizes=\"auto, (max-width: 150px) 100vw, 150px\" \/><\/td>\n<td><strong>TBG SILBER<\/strong><br \/>\nMindestleistung:<br \/>\n100 Bearbeitungen<br \/>\nPreis: 7,00 \u20ac (zzgl. Porto)<\/td>\n<td style=\"text-align: center;\"><a href=\"http:\/\/www.stenografenbund.de\/?page_id=1387\">Anfrage<br \/>\nstellen<\/a><\/td>\n<\/tr>\n<tr>\n<td>\u00a0<img loading=\"lazy\" decoding=\"async\" class=\"aligncenter size-thumbnail wp-image-1328\" src=\"http:\/\/www.stenografenbund.de\/wp-content\/uploads\/2017\/12\/TBG_gold_web-150x150.jpg\" alt=\"\" width=\"150\" height=\"150\" srcset=\"https:\/\/www.stenografenbund.de\/wp-content\/uploads\/2017\/12\/TBG_gold_web-150x150.jpg 150w, https:\/\/www.stenografenbund.de\/wp-content\/uploads\/2017\/12\/TBG_gold_web-300x300.jpg 300w, https:\/\/www.stenografenbund.de\/wp-content\/uploads\/2017\/12\/TBG_gold_web.jpg 450w\" sizes=\"auto, (max-width: 150px) 100vw, 150px\" \/><\/td>\n<td><strong>TBG GOLD<\/strong><br \/>\nMindestleistung:<br \/>\n140 Bearbeitungen<br \/>\nPreis: 7,00 \u20ac (zzgl. Porto)<\/td>\n<td style=\"text-align: center;\"><a href=\"http:\/\/www.stenografenbund.de\/?page_id=1389\">Anfrage<br \/>\nstellen<\/a><\/td>\n<\/tr>\n<tr>\n<td><\/td>\n<td><\/td>\n<td><\/td>\n<\/tr>\n<tr>\n<td><\/td>\n<td>\n<h3><strong>Leistungsabzeichen PTV<\/strong><\/h3>\n<\/td>\n<td><\/td>\n<\/tr>\n<tr>\n<td>\u00a0<img loading=\"lazy\" decoding=\"async\" class=\"aligncenter size-thumbnail wp-image-1324\" src=\"http:\/\/www.stenografenbund.de\/wp-content\/uploads\/2017\/12\/PTV_bronze_web-150x150.jpg\" alt=\"\" width=\"150\" height=\"150\" srcset=\"https:\/\/www.stenografenbund.de\/wp-content\/uploads\/2017\/12\/PTV_bronze_web-150x150.jpg 150w, https:\/\/www.stenografenbund.de\/wp-content\/uploads\/2017\/12\/PTV_bronze_web-300x300.jpg 300w, https:\/\/www.stenografenbund.de\/wp-content\/uploads\/2017\/12\/PTV_bronze_web.jpg 450w\" sizes=\"auto, (max-width: 150px) 100vw, 150px\" \/><\/td>\n<td><strong>PTV BRONZE<\/strong><br \/>\nMindestleistung: 60 Punkte<br \/>\nPreis: 7,00 \u20ac (zzgl. Porto)<\/td>\n<td style=\"text-align: center;\"><a href=\"http:\/\/www.stenografenbund.de\/?page_id=1391\">Anfrage<br \/>\nstellen<\/a><\/td>\n<\/tr>\n<tr>\n<td>\u00a0<img loading=\"lazy\" decoding=\"async\" class=\"aligncenter size-thumbnail wp-image-1326\" src=\"http:\/\/www.stenografenbund.de\/wp-content\/uploads\/2017\/12\/PTV_silber_web-150x150.jpg\" alt=\"\" width=\"150\" height=\"150\" srcset=\"https:\/\/www.stenografenbund.de\/wp-content\/uploads\/2017\/12\/PTV_silber_web-150x150.jpg 150w, https:\/\/www.stenografenbund.de\/wp-content\/uploads\/2017\/12\/PTV_silber_web-300x300.jpg 300w, https:\/\/www.stenografenbund.de\/wp-content\/uploads\/2017\/12\/PTV_silber_web.jpg 450w\" sizes=\"auto, (max-width: 150px) 100vw, 150px\" \/><\/td>\n<td><strong>PTV SILBER<\/strong><br \/>\nMindestleistung: 90 Punkte<br \/>\nPreis: 7,00 \u20ac (zzgl. Porto)<\/td>\n<td style=\"text-align: center;\"><a href=\"http:\/\/www.stenografenbund.de\/?page_id=1393\">Anfrage<br \/>\nstellen<\/a><\/td>\n<\/tr>\n<tr>\n<td>\u00a0<img loading=\"lazy\" decoding=\"async\" class=\"aligncenter size-thumbnail wp-image-1325\" src=\"http:\/\/www.stenografenbund.de\/wp-content\/uploads\/2017\/12\/PTV_gold_web-150x150.jpg\" alt=\"\" width=\"150\" height=\"150\" srcset=\"https:\/\/www.stenografenbund.de\/wp-content\/uploads\/2017\/12\/PTV_gold_web-150x150.jpg 150w, https:\/\/www.stenografenbund.de\/wp-content\/uploads\/2017\/12\/PTV_gold_web-300x300.jpg 300w, https:\/\/www.stenografenbund.de\/wp-content\/uploads\/2017\/12\/PTV_gold_web.jpg 450w\" sizes=\"auto, (max-width: 150px) 100vw, 150px\" \/><\/td>\n<td><strong>PTV GOLD<\/strong><br \/>\nMindestleistung: 120 Punkte<br \/>\nPreis: 7,00 \u20ac (zzgl. Porto)<\/td>\n<td style=\"text-align: center;\"><a href=\"http:\/\/www.stenografenbund.de\/?page_id=1395\">Anfrage<br \/>\nstellen<\/a><\/td>\n<\/tr>\n<tr>\n<td><\/td>\n<td><\/td>\n<td><\/td>\n<\/tr>\n<tr>\n<td><\/td>\n<td>\n<h3><strong>Ehrung f\u00fcr Mitgliedschaft<\/strong><\/h3>\n<\/td>\n<td><\/td>\n<\/tr>\n<tr>\n<td>\u00a0<img loading=\"lazy\" decoding=\"async\" class=\"aligncenter size-thumbnail wp-image-1323\" src=\"http:\/\/www.stenografenbund.de\/wp-content\/uploads\/2017\/12\/Mitgliederabzeichen_web-150x150.jpg\" alt=\"\" width=\"150\" height=\"150\" srcset=\"https:\/\/www.stenografenbund.de\/wp-content\/uploads\/2017\/12\/Mitgliederabzeichen_web-150x150.jpg 150w, https:\/\/www.stenografenbund.de\/wp-content\/uploads\/2017\/12\/Mitgliederabzeichen_web-300x300.jpg 300w, https:\/\/www.stenografenbund.de\/wp-content\/uploads\/2017\/12\/Mitgliederabzeichen_web.jpg 450w\" sizes=\"auto, (max-width: 150px) 100vw, 150px\" \/><\/td>\n<td><strong>MITGLIEDERABZEICHEN<br \/>\n<\/strong>BRONZE: 10-j\u00e4hrige Mitgliedschaft<br \/>\nSILBER: 25-j\u00e4hrige Mitgliedschaft<br \/>\nGOLD: 50-j\u00e4hrige Mitgliedschaft<br \/>\nPreis: 8,00 \u20ac (zzgl. Porto)<\/td>\n<td style=\"text-align: center;\"><a href=\"http:\/\/www.stenografenbund.de\/?page_id=1397\">Anfrage<br \/>\nstellen<\/a><\/td>\n<\/tr>\n<tr>\n<td><\/td>\n<td><\/td>\n<td style=\"text-align: center;\"><\/td>\n<\/tr>\n<tr>\n<td><\/td>\n<td>\n<h3><strong>Ehrung f\u00fcr ehrenamtliche T\u00e4tigkeit<\/strong><\/h3>\n<\/td>\n<td style=\"text-align: center;\"><\/td>\n<\/tr>\n<tr>\n<td style=\"text-align: center;\"><img loading=\"lazy\" decoding=\"async\" class=\"wp-image-1674 size-thumbnail aligncenter\" src=\"http:\/\/www.stenografenbund.de\/wp-content\/uploads\/2018\/03\/Ehrenamtsabzeichen_silber-150x150.jpg\" alt=\"\" width=\"150\" height=\"150\" srcset=\"https:\/\/www.stenografenbund.de\/wp-content\/uploads\/2018\/03\/Ehrenamtsabzeichen_silber-150x150.jpg 150w, https:\/\/www.stenografenbund.de\/wp-content\/uploads\/2018\/03\/Ehrenamtsabzeichen_silber-300x300.jpg 300w, https:\/\/www.stenografenbund.de\/wp-content\/uploads\/2018\/03\/Ehrenamtsabzeichen_silber.jpg 450w\" sizes=\"auto, (max-width: 150px) 100vw, 150px\" \/><\/td>\n<td><strong>VERDIENSTNADEL<\/strong><br \/>\nBRONZE: 10-j\u00e4hrige T\u00e4tigkeit<br \/>\nSILBER: 25-j\u00e4hrige T\u00e4tigkeit<br \/>\nGOLD: 40-j\u00e4hrige T\u00e4tigkeit<br \/>\nPreis: 13,00 \u20ac (zzgl. Porto)<br \/>\nOptional kann eine Mappe zu 7,00 \u20ac mitbestellt werden.<\/td>\n<td style=\"text-align: center;\"><a href=\"http:\/\/www.stenografenbund.de\/?page_id=1399\">Anfrage<br \/>\nstellen<\/a><\/td>\n<\/tr>\n<tr>\n<td style=\"text-align: center;\"><img loading=\"lazy\" decoding=\"async\" class=\"aligncenter wp-image-2214 size-thumbnail\" src=\"https:\/\/www.stenografenbund.de\/wp-content\/uploads\/2019\/09\/Ehrenplakette_Gold-150x150.jpg\" alt=\"\" width=\"150\" height=\"150\" \/><\/td>\n<td><strong>Ehrenplakette in Gold<br \/>\n<\/strong>F\u00fcr herausragende Leistungen um die Organisation oder auf fachlichem Gebiet.<\/td>\n<td style=\"text-align: center;\">Vergabeausschuss entscheidet<\/td>\n<\/tr>\n<tr>\n<td style=\"text-align: center;\"><\/td>\n<td>\n<h3><strong>Verdienstabzeichen<\/strong><\/h3>\n<\/td>\n<td style=\"text-align: center;\"><\/td>\n<\/tr>\n<tr>\n<td style=\"text-align: center;\"><img loading=\"lazy\" decoding=\"async\" class=\"size-full wp-image-1840 aligncenter\" src=\"http:\/\/www.stenografenbund.de\/wp-content\/uploads\/2018\/07\/Verdienstabzeichen.jpg\" alt=\"\" width=\"150\" height=\"150\" \/><\/td>\n<td><strong>VERDIENSTABZEICHEN IN GOLD<br \/>\n<\/strong>Kann Pers\u00f6nlichkeiten au\u00dferhalb des Deutschen<br \/>\nStenografenbundes verliehen werden.<br \/>\nPreis: 20,00 \u20ac<br \/>\ninkl. Urkunde und Mappe<\/td>\n<td style=\"text-align: center;\"><a href=\"http:\/\/www.stenografenbund.de\/?page_id=1568\">Anfrage<br \/>\nstellen<\/a><\/td>\n<\/tr>\n<\/tbody>\n<\/table>\n","protected":false},"excerpt":{"rendered":"<p>Auf dieser Seite k\u00f6nnen Sie die Ehren\u2010 und Leistungsabzeichen des Deutschen Stenografenbundes direkt ausw\u00e4hlen und gem\u00e4\u00df der Verleihungsordnung eine Bestellanfrage stellen: &nbsp; Leistungsabzeichen Kurzschrift Kurzschrift BRONZE Mindestleistung: 100 Silben Preis: 7,00 \u20ac (zzgl. Porto) Anfrage<\/p>\n","protected":false},"author":1,"featured_media":0,"parent":0,"menu_order":0,"comment_status":"closed","ping_status":"closed","template":"","meta":{"ngg_post_thumbnail":0,"footnotes":""},"class_list":["post-1186","page","type-page","status-publish","hentry"],"yoast_head":"<!-- This site is optimized with the Yoast SEO plugin v27.2 - https:\/\/yoast.com\/product\/yoast-seo-wordpress\/ -->\n<title>\u00dcbersicht: Ehren- und Leistungsabzeichen - Deutscher Stenografenbund E. V.<\/title>\n<meta name=\"robots\" content=\"index, follow, max-snippet:-1, max-image-preview:large, max-video-preview:-1\" \/>\n<link rel=\"canonical\" href=\"https:\/\/www.stenografenbund.de\/?page_id=1186\" \/>\n<meta property=\"og:locale\" content=\"de_DE\" \/>\n<meta property=\"og:type\" content=\"article\" \/>\n<meta property=\"og:title\" content=\"\u00dcbersicht: Ehren- und Leistungsabzeichen - Deutscher Stenografenbund E. V.\" \/>\n<meta property=\"og:description\" content=\"Auf dieser Seite k\u00f6nnen Sie die Ehren\u2010 und Leistungsabzeichen des Deutschen Stenografenbundes direkt ausw\u00e4hlen und gem\u00e4\u00df der Verleihungsordnung eine Bestellanfrage stellen: &nbsp; Leistungsabzeichen Kurzschrift Kurzschrift BRONZE Mindestleistung: 100 Silben Preis: 7,00 \u20ac (zzgl. Porto) Anfrage\" \/>\n<meta property=\"og:url\" content=\"https:\/\/www.stenografenbund.de\/?page_id=1186\" \/>\n<meta property=\"og:site_name\" content=\"Deutscher Stenografenbund E. V.\" \/>\n<meta property=\"article:modified_time\" content=\"2019-09-15T14:19:14+00:00\" \/>\n<meta property=\"og:image\" content=\"http:\/\/www.stenografenbund.de\/wp-content\/uploads\/2017\/12\/Kurzschrift_bronze_web-150x150.jpg\" \/>\n<meta name=\"twitter:card\" content=\"summary_large_image\" \/>\n<meta name=\"twitter:label1\" content=\"Gesch\u00e4tzte Lesezeit\" \/>\n\t<meta name=\"twitter:data1\" content=\"1\u00a0Minute\" \/>\n<script type=\"application\/ld+json\" class=\"yoast-schema-graph\">{\"@context\":\"https:\/\/schema.org\",\"@graph\":[{\"@type\":\"WebPage\",\"@id\":\"https:\/\/www.stenografenbund.de\/?page_id=1186\",\"url\":\"https:\/\/www.stenografenbund.de\/?page_id=1186\",\"name\":\"\u00dcbersicht: Ehren- und Leistungsabzeichen - Deutscher Stenografenbund E. V.\",\"isPartOf\":{\"@id\":\"https:\/\/www.stenografenbund.de\/#website\"},\"primaryImageOfPage\":{\"@id\":\"https:\/\/www.stenografenbund.de\/?page_id=1186#primaryimage\"},\"image\":{\"@id\":\"https:\/\/www.stenografenbund.de\/?page_id=1186#primaryimage\"},\"thumbnailUrl\":\"http:\/\/www.stenografenbund.de\/wp-content\/uploads\/2017\/12\/Kurzschrift_bronze_web-150x150.jpg\",\"datePublished\":\"2017-12-02T11:06:04+00:00\",\"dateModified\":\"2019-09-15T14:19:14+00:00\",\"breadcrumb\":{\"@id\":\"https:\/\/www.stenografenbund.de\/?page_id=1186#breadcrumb\"},\"inLanguage\":\"de\",\"potentialAction\":[{\"@type\":\"ReadAction\",\"target\":[\"https:\/\/www.stenografenbund.de\/?page_id=1186\"]}]},{\"@type\":\"ImageObject\",\"inLanguage\":\"de\",\"@id\":\"https:\/\/www.stenografenbund.de\/?page_id=1186#primaryimage\",\"url\":\"https:\/\/www.stenografenbund.de\/wp-content\/uploads\/2017\/12\/Kurzschrift_bronze_web.jpg\",\"contentUrl\":\"https:\/\/www.stenografenbund.de\/wp-content\/uploads\/2017\/12\/Kurzschrift_bronze_web.jpg\",\"width\":450,\"height\":450},{\"@type\":\"BreadcrumbList\",\"@id\":\"https:\/\/www.stenografenbund.de\/?page_id=1186#breadcrumb\",\"itemListElement\":[{\"@type\":\"ListItem\",\"position\":1,\"name\":\"Startseite\",\"item\":\"https:\/\/www.stenografenbund.de\/\"},{\"@type\":\"ListItem\",\"position\":2,\"name\":\"\u00dcbersicht: Ehren- und Leistungsabzeichen\"}]},{\"@type\":\"WebSite\",\"@id\":\"https:\/\/www.stenografenbund.de\/#website\",\"url\":\"https:\/\/www.stenografenbund.de\/\",\"name\":\"Deutscher Stenografenbund E. V.\",\"description\":\"Bundesverband f\u00fcr Informationsverarbeitung, Textverarbeitung und Stenografie\",\"publisher\":{\"@id\":\"https:\/\/www.stenografenbund.de\/#organization\"},\"potentialAction\":[{\"@type\":\"SearchAction\",\"target\":{\"@type\":\"EntryPoint\",\"urlTemplate\":\"https:\/\/www.stenografenbund.de\/?s={search_term_string}\"},\"query-input\":{\"@type\":\"PropertyValueSpecification\",\"valueRequired\":true,\"valueName\":\"search_term_string\"}}],\"inLanguage\":\"de\"},{\"@type\":\"Organization\",\"@id\":\"https:\/\/www.stenografenbund.de\/#organization\",\"name\":\"Deutscher Stenografenbund E. V.\",\"url\":\"https:\/\/www.stenografenbund.de\/\",\"logo\":{\"@type\":\"ImageObject\",\"inLanguage\":\"de\",\"@id\":\"https:\/\/www.stenografenbund.de\/#\/schema\/logo\/image\/\",\"url\":\"https:\/\/www.stenografenbund.de\/wp-content\/uploads\/2019\/02\/cropped-DStB_Logo_NEU_2.png\",\"contentUrl\":\"https:\/\/www.stenografenbund.de\/wp-content\/uploads\/2019\/02\/cropped-DStB_Logo_NEU_2.png\",\"width\":499,\"height\":91,\"caption\":\"Deutscher Stenografenbund E. V.\"},\"image\":{\"@id\":\"https:\/\/www.stenografenbund.de\/#\/schema\/logo\/image\/\"}}]}<\/script>\n<!-- \/ Yoast SEO plugin. -->","yoast_head_json":{"title":"\u00dcbersicht: Ehren- und Leistungsabzeichen - Deutscher Stenografenbund E. V.","robots":{"index":"index","follow":"follow","max-snippet":"max-snippet:-1","max-image-preview":"max-image-preview:large","max-video-preview":"max-video-preview:-1"},"canonical":"https:\/\/www.stenografenbund.de\/?page_id=1186","og_locale":"de_DE","og_type":"article","og_title":"\u00dcbersicht: Ehren- und Leistungsabzeichen - Deutscher Stenografenbund E. V.","og_description":"Auf dieser Seite k\u00f6nnen Sie die Ehren\u2010 und Leistungsabzeichen des Deutschen Stenografenbundes direkt ausw\u00e4hlen und gem\u00e4\u00df der Verleihungsordnung eine Bestellanfrage stellen: &nbsp; Leistungsabzeichen Kurzschrift Kurzschrift BRONZE Mindestleistung: 100 Silben Preis: 7,00 \u20ac (zzgl. Porto) Anfrage","og_url":"https:\/\/www.stenografenbund.de\/?page_id=1186","og_site_name":"Deutscher Stenografenbund E. V.","article_modified_time":"2019-09-15T14:19:14+00:00","og_image":[{"url":"http:\/\/www.stenografenbund.de\/wp-content\/uploads\/2017\/12\/Kurzschrift_bronze_web-150x150.jpg","type":"","width":"","height":""}],"twitter_card":"summary_large_image","twitter_misc":{"Gesch\u00e4tzte Lesezeit":"1\u00a0Minute"},"schema":{"@context":"https:\/\/schema.org","@graph":[{"@type":"WebPage","@id":"https:\/\/www.stenografenbund.de\/?page_id=1186","url":"https:\/\/www.stenografenbund.de\/?page_id=1186","name":"\u00dcbersicht: Ehren- und Leistungsabzeichen - Deutscher Stenografenbund E. V.","isPartOf":{"@id":"https:\/\/www.stenografenbund.de\/#website"},"primaryImageOfPage":{"@id":"https:\/\/www.stenografenbund.de\/?page_id=1186#primaryimage"},"image":{"@id":"https:\/\/www.stenografenbund.de\/?page_id=1186#primaryimage"},"thumbnailUrl":"http:\/\/www.stenografenbund.de\/wp-content\/uploads\/2017\/12\/Kurzschrift_bronze_web-150x150.jpg","datePublished":"2017-12-02T11:06:04+00:00","dateModified":"2019-09-15T14:19:14+00:00","breadcrumb":{"@id":"https:\/\/www.stenografenbund.de\/?page_id=1186#breadcrumb"},"inLanguage":"de","potentialAction":[{"@type":"ReadAction","target":["https:\/\/www.stenografenbund.de\/?page_id=1186"]}]},{"@type":"ImageObject","inLanguage":"de","@id":"https:\/\/www.stenografenbund.de\/?page_id=1186#primaryimage","url":"https:\/\/www.stenografenbund.de\/wp-content\/uploads\/2017\/12\/Kurzschrift_bronze_web.jpg","contentUrl":"https:\/\/www.stenografenbund.de\/wp-content\/uploads\/2017\/12\/Kurzschrift_bronze_web.jpg","width":450,"height":450},{"@type":"BreadcrumbList","@id":"https:\/\/www.stenografenbund.de\/?page_id=1186#breadcrumb","itemListElement":[{"@type":"ListItem","position":1,"name":"Startseite","item":"https:\/\/www.stenografenbund.de\/"},{"@type":"ListItem","position":2,"name":"\u00dcbersicht: Ehren- und Leistungsabzeichen"}]},{"@type":"WebSite","@id":"https:\/\/www.stenografenbund.de\/#website","url":"https:\/\/www.stenografenbund.de\/","name":"Deutscher Stenografenbund E. V.","description":"Bundesverband f\u00fcr Informationsverarbeitung, Textverarbeitung und Stenografie","publisher":{"@id":"https:\/\/www.stenografenbund.de\/#organization"},"potentialAction":[{"@type":"SearchAction","target":{"@type":"EntryPoint","urlTemplate":"https:\/\/www.stenografenbund.de\/?s={search_term_string}"},"query-input":{"@type":"PropertyValueSpecification","valueRequired":true,"valueName":"search_term_string"}}],"inLanguage":"de"},{"@type":"Organization","@id":"https:\/\/www.stenografenbund.de\/#organization","name":"Deutscher Stenografenbund E. V.","url":"https:\/\/www.stenografenbund.de\/","logo":{"@type":"ImageObject","inLanguage":"de","@id":"https:\/\/www.stenografenbund.de\/#\/schema\/logo\/image\/","url":"https:\/\/www.stenografenbund.de\/wp-content\/uploads\/2019\/02\/cropped-DStB_Logo_NEU_2.png","contentUrl":"https:\/\/www.stenografenbund.de\/wp-content\/uploads\/2019\/02\/cropped-DStB_Logo_NEU_2.png","width":499,"height":91,"caption":"Deutscher Stenografenbund E. V."},"image":{"@id":"https:\/\/www.stenografenbund.de\/#\/schema\/logo\/image\/"}}]}},"_links":{"self":[{"href":"https:\/\/www.stenografenbund.de\/index.php?rest_route=\/wp\/v2\/pages\/1186","targetHints":{"allow":["GET"]}}],"collection":[{"href":"https:\/\/www.stenografenbund.de\/index.php?rest_route=\/wp\/v2\/pages"}],"about":[{"href":"https:\/\/www.stenografenbund.de\/index.php?rest_route=\/wp\/v2\/types\/page"}],"author":[{"embeddable":true,"href":"https:\/\/www.stenografenbund.de\/index.php?rest_route=\/wp\/v2\/users\/1"}],"replies":[{"embeddable":true,"href":"https:\/\/www.stenografenbund.de\/index.php?rest_route=%2Fwp%2Fv2%2Fcomments&post=1186"}],"version-history":[{"count":48,"href":"https:\/\/www.stenografenbund.de\/index.php?rest_route=\/wp\/v2\/pages\/1186\/revisions"}],"predecessor-version":[{"id":2216,"href":"https:\/\/www.stenografenbund.de\/index.php?rest_route=\/wp\/v2\/pages\/1186\/revisions\/2216"}],"wp:attachment":[{"href":"https:\/\/www.stenografenbund.de\/index.php?rest_route=%2Fwp%2Fv2%2Fmedia&parent=1186"}],"curies":[{"name":"wp","href":"https:\/\/api.w.org\/{rel}","templated":true}]}}