{"id":1124,"date":"2017-11-29T11:13:35","date_gmt":"2017-11-29T10:13:35","guid":{"rendered":"http:\/\/www.stenografenbund.de\/?page_id=1124"},"modified":"2017-11-29T11:32:59","modified_gmt":"2017-11-29T10:32:59","slug":"passwortanforderung-textarchiv","status":"publish","type":"page","link":"https:\/\/www.stenografenbund.de\/?page_id=1124","title":{"rendered":"Passwortanforderung Textarchiv"},"content":{"rendered":"<p><img loading=\"lazy\" decoding=\"async\" class=\"alignright size-thumbnail wp-image-1136\" src=\"http:\/\/www.stenografenbund.de\/wp-content\/uploads\/2017\/11\/typewriter-2653187_640-150x150.jpg\" alt=\"\" width=\"150\" height=\"150\" \/>Hier k\u00f6nnen Sie das aktuelle Passwort f\u00fcr unser Textarchiv anfordern.<br \/>\nBitte beachten Sie dass alle unten aufgef\u00fchrten Felder Pflichtangaben sind und das aktuelle Passwort nur bei vollst\u00e4ndigen Angaben verschickt wird.<\/p>\n<p>Der Zugang zur Seite ist ausschlie\u00dflich Mitgliedern unserer Vereine vorbehalten.<\/p>\n<p>&nbsp;<\/p>\n\n<div class=\"wpcf7 no-js\" id=\"wpcf7-f1123-o1\" lang=\"de-DE\" dir=\"ltr\" data-wpcf7-id=\"1123\">\n<div class=\"screen-reader-response\"><p role=\"status\" aria-live=\"polite\" aria-atomic=\"true\"><\/p> <ul><\/ul><\/div>\n<form action=\"\/index.php?rest_route=%2Fwp%2Fv2%2Fpages%2F1124#wpcf7-f1123-o1\" method=\"post\" class=\"wpcf7-form init\" aria-label=\"Kontaktformular\" novalidate=\"novalidate\" data-status=\"init\">\n<fieldset class=\"hidden-fields-container\"><input type=\"hidden\" name=\"_wpcf7\" value=\"1123\" \/><input type=\"hidden\" name=\"_wpcf7_version\" value=\"6.1.5\" \/><input type=\"hidden\" name=\"_wpcf7_locale\" value=\"de_DE\" \/><input type=\"hidden\" name=\"_wpcf7_unit_tag\" value=\"wpcf7-f1123-o1\" \/><input type=\"hidden\" name=\"_wpcf7_container_post\" value=\"0\" \/><input type=\"hidden\" name=\"_wpcf7_posted_data_hash\" value=\"\" \/>\n<\/fieldset>\n<p><label> Ihr Vorname (Pflichtfeld)<br \/>\n<span class=\"wpcf7-form-control-wrap\" data-name=\"Vorname\"><input size=\"40\" maxlength=\"400\" class=\"wpcf7-form-control wpcf7-text wpcf7-validates-as-required\" aria-required=\"true\" aria-invalid=\"false\" value=\"\" type=\"text\" name=\"Vorname\" \/><\/span> <\/label>\n<\/p>\n<p><label> Ihr Nachname (Pflichtfeld)<br \/>\n<span class=\"wpcf7-form-control-wrap\" data-name=\"Nachname\"><input size=\"40\" maxlength=\"400\" class=\"wpcf7-form-control wpcf7-text wpcf7-validates-as-required\" aria-required=\"true\" aria-invalid=\"false\" value=\"\" type=\"text\" name=\"Nachname\" \/><\/span> <\/label>\n<\/p>\n<p><label> Verein (Pflichtfeld)<br \/>\n<span class=\"wpcf7-form-control-wrap\" data-name=\"Vereinsname\"><input size=\"40\" maxlength=\"400\" class=\"wpcf7-form-control wpcf7-text wpcf7-validates-as-required\" aria-required=\"true\" aria-invalid=\"false\" value=\"\" type=\"text\" name=\"Vereinsname\" \/><\/span> <\/label>\n<\/p>\n<p><label> Ihre E-Mail-Adresse (Pflichtfeld)<br \/>\n<span class=\"wpcf7-form-control-wrap\" data-name=\"your-email\"><input size=\"40\" maxlength=\"400\" class=\"wpcf7-form-control wpcf7-email wpcf7-validates-as-required wpcf7-text wpcf7-validates-as-email\" aria-required=\"true\" aria-invalid=\"false\" value=\"\" type=\"email\" name=\"your-email\" \/><\/span> <\/label>\n<\/p>\n<p>[recaptcha]\n<\/p>\n<p><input class=\"wpcf7-form-control wpcf7-submit has-spinner\" type=\"submit\" value=\"Senden\" \/>\n<\/p><div class=\"wpcf7-response-output\" aria-hidden=\"true\"><\/div>\n<\/form>\n<\/div>\n\n","protected":false},"excerpt":{"rendered":"<p>Hier k\u00f6nnen Sie das aktuelle Passwort f\u00fcr unser Textarchiv anfordern. Bitte beachten Sie dass alle unten aufgef\u00fchrten Felder Pflichtangaben sind und das aktuelle Passwort nur bei vollst\u00e4ndigen Angaben verschickt wird. Der Zugang zur Seite ist<\/p>\n","protected":false},"author":1,"featured_media":0,"parent":0,"menu_order":0,"comment_status":"closed","ping_status":"closed","template":"","meta":{"ngg_post_thumbnail":0,"footnotes":""},"class_list":["post-1124","page","type-page","status-publish","hentry"],"yoast_head":"<!-- This site is optimized with the Yoast SEO plugin v27.2 - https:\/\/yoast.com\/product\/yoast-seo-wordpress\/ -->\n<title>Passwortanforderung Textarchiv - Deutscher Stenografenbund E. V.<\/title>\n<meta name=\"robots\" content=\"index, follow, max-snippet:-1, max-image-preview:large, max-video-preview:-1\" \/>\n<link rel=\"canonical\" href=\"https:\/\/www.stenografenbund.de\/?page_id=1124\" \/>\n<meta property=\"og:locale\" content=\"de_DE\" \/>\n<meta property=\"og:type\" content=\"article\" \/>\n<meta property=\"og:title\" content=\"Passwortanforderung Textarchiv - Deutscher Stenografenbund E. V.\" \/>\n<meta property=\"og:description\" content=\"Hier k\u00f6nnen Sie das aktuelle Passwort f\u00fcr unser Textarchiv anfordern. Bitte beachten Sie dass alle unten aufgef\u00fchrten Felder Pflichtangaben sind und das aktuelle Passwort nur bei vollst\u00e4ndigen Angaben verschickt wird. Der Zugang zur Seite ist\" \/>\n<meta property=\"og:url\" content=\"https:\/\/www.stenografenbund.de\/?page_id=1124\" \/>\n<meta property=\"og:site_name\" content=\"Deutscher Stenografenbund E. V.\" \/>\n<meta property=\"article:modified_time\" content=\"2017-11-29T10:32:59+00:00\" \/>\n<meta property=\"og:image\" content=\"http:\/\/www.stenografenbund.de\/wp-content\/uploads\/2017\/11\/typewriter-2653187_640-150x150.jpg\" \/>\n<meta name=\"twitter:card\" content=\"summary_large_image\" \/>\n<script type=\"application\/ld+json\" class=\"yoast-schema-graph\">{\"@context\":\"https:\/\/schema.org\",\"@graph\":[{\"@type\":\"WebPage\",\"@id\":\"https:\/\/www.stenografenbund.de\/?page_id=1124\",\"url\":\"https:\/\/www.stenografenbund.de\/?page_id=1124\",\"name\":\"Passwortanforderung Textarchiv - Deutscher Stenografenbund E. V.\",\"isPartOf\":{\"@id\":\"https:\/\/www.stenografenbund.de\/#website\"},\"primaryImageOfPage\":{\"@id\":\"https:\/\/www.stenografenbund.de\/?page_id=1124#primaryimage\"},\"image\":{\"@id\":\"https:\/\/www.stenografenbund.de\/?page_id=1124#primaryimage\"},\"thumbnailUrl\":\"http:\/\/www.stenografenbund.de\/wp-content\/uploads\/2017\/11\/typewriter-2653187_640-150x150.jpg\",\"datePublished\":\"2017-11-29T10:13:35+00:00\",\"dateModified\":\"2017-11-29T10:32:59+00:00\",\"breadcrumb\":{\"@id\":\"https:\/\/www.stenografenbund.de\/?page_id=1124#breadcrumb\"},\"inLanguage\":\"de\",\"potentialAction\":[{\"@type\":\"ReadAction\",\"target\":[\"https:\/\/www.stenografenbund.de\/?page_id=1124\"]}]},{\"@type\":\"ImageObject\",\"inLanguage\":\"de\",\"@id\":\"https:\/\/www.stenografenbund.de\/?page_id=1124#primaryimage\",\"url\":\"https:\/\/www.stenografenbund.de\/wp-content\/uploads\/2017\/11\/typewriter-2653187_640.jpg\",\"contentUrl\":\"https:\/\/www.stenografenbund.de\/wp-content\/uploads\/2017\/11\/typewriter-2653187_640.jpg\",\"width\":640,\"height\":427},{\"@type\":\"BreadcrumbList\",\"@id\":\"https:\/\/www.stenografenbund.de\/?page_id=1124#breadcrumb\",\"itemListElement\":[{\"@type\":\"ListItem\",\"position\":1,\"name\":\"Startseite\",\"item\":\"https:\/\/www.stenografenbund.de\/\"},{\"@type\":\"ListItem\",\"position\":2,\"name\":\"Passwortanforderung Textarchiv\"}]},{\"@type\":\"WebSite\",\"@id\":\"https:\/\/www.stenografenbund.de\/#website\",\"url\":\"https:\/\/www.stenografenbund.de\/\",\"name\":\"Deutscher Stenografenbund E. V.\",\"description\":\"Bundesverband f\u00fcr Informationsverarbeitung, Textverarbeitung und Stenografie\",\"publisher\":{\"@id\":\"https:\/\/www.stenografenbund.de\/#organization\"},\"potentialAction\":[{\"@type\":\"SearchAction\",\"target\":{\"@type\":\"EntryPoint\",\"urlTemplate\":\"https:\/\/www.stenografenbund.de\/?s={search_term_string}\"},\"query-input\":{\"@type\":\"PropertyValueSpecification\",\"valueRequired\":true,\"valueName\":\"search_term_string\"}}],\"inLanguage\":\"de\"},{\"@type\":\"Organization\",\"@id\":\"https:\/\/www.stenografenbund.de\/#organization\",\"name\":\"Deutscher Stenografenbund E. V.\",\"url\":\"https:\/\/www.stenografenbund.de\/\",\"logo\":{\"@type\":\"ImageObject\",\"inLanguage\":\"de\",\"@id\":\"https:\/\/www.stenografenbund.de\/#\/schema\/logo\/image\/\",\"url\":\"https:\/\/www.stenografenbund.de\/wp-content\/uploads\/2019\/02\/cropped-DStB_Logo_NEU_2.png\",\"contentUrl\":\"https:\/\/www.stenografenbund.de\/wp-content\/uploads\/2019\/02\/cropped-DStB_Logo_NEU_2.png\",\"width\":499,\"height\":91,\"caption\":\"Deutscher Stenografenbund E. V.\"},\"image\":{\"@id\":\"https:\/\/www.stenografenbund.de\/#\/schema\/logo\/image\/\"}}]}<\/script>\n<!-- \/ Yoast SEO plugin. -->","yoast_head_json":{"title":"Passwortanforderung Textarchiv - Deutscher Stenografenbund E. V.","robots":{"index":"index","follow":"follow","max-snippet":"max-snippet:-1","max-image-preview":"max-image-preview:large","max-video-preview":"max-video-preview:-1"},"canonical":"https:\/\/www.stenografenbund.de\/?page_id=1124","og_locale":"de_DE","og_type":"article","og_title":"Passwortanforderung Textarchiv - Deutscher Stenografenbund E. V.","og_description":"Hier k\u00f6nnen Sie das aktuelle Passwort f\u00fcr unser Textarchiv anfordern. Bitte beachten Sie dass alle unten aufgef\u00fchrten Felder Pflichtangaben sind und das aktuelle Passwort nur bei vollst\u00e4ndigen Angaben verschickt wird. Der Zugang zur Seite ist","og_url":"https:\/\/www.stenografenbund.de\/?page_id=1124","og_site_name":"Deutscher Stenografenbund E. V.","article_modified_time":"2017-11-29T10:32:59+00:00","og_image":[{"url":"http:\/\/www.stenografenbund.de\/wp-content\/uploads\/2017\/11\/typewriter-2653187_640-150x150.jpg","type":"","width":"","height":""}],"twitter_card":"summary_large_image","schema":{"@context":"https:\/\/schema.org","@graph":[{"@type":"WebPage","@id":"https:\/\/www.stenografenbund.de\/?page_id=1124","url":"https:\/\/www.stenografenbund.de\/?page_id=1124","name":"Passwortanforderung Textarchiv - Deutscher Stenografenbund E. V.","isPartOf":{"@id":"https:\/\/www.stenografenbund.de\/#website"},"primaryImageOfPage":{"@id":"https:\/\/www.stenografenbund.de\/?page_id=1124#primaryimage"},"image":{"@id":"https:\/\/www.stenografenbund.de\/?page_id=1124#primaryimage"},"thumbnailUrl":"http:\/\/www.stenografenbund.de\/wp-content\/uploads\/2017\/11\/typewriter-2653187_640-150x150.jpg","datePublished":"2017-11-29T10:13:35+00:00","dateModified":"2017-11-29T10:32:59+00:00","breadcrumb":{"@id":"https:\/\/www.stenografenbund.de\/?page_id=1124#breadcrumb"},"inLanguage":"de","potentialAction":[{"@type":"ReadAction","target":["https:\/\/www.stenografenbund.de\/?page_id=1124"]}]},{"@type":"ImageObject","inLanguage":"de","@id":"https:\/\/www.stenografenbund.de\/?page_id=1124#primaryimage","url":"https:\/\/www.stenografenbund.de\/wp-content\/uploads\/2017\/11\/typewriter-2653187_640.jpg","contentUrl":"https:\/\/www.stenografenbund.de\/wp-content\/uploads\/2017\/11\/typewriter-2653187_640.jpg","width":640,"height":427},{"@type":"BreadcrumbList","@id":"https:\/\/www.stenografenbund.de\/?page_id=1124#breadcrumb","itemListElement":[{"@type":"ListItem","position":1,"name":"Startseite","item":"https:\/\/www.stenografenbund.de\/"},{"@type":"ListItem","position":2,"name":"Passwortanforderung Textarchiv"}]},{"@type":"WebSite","@id":"https:\/\/www.stenografenbund.de\/#website","url":"https:\/\/www.stenografenbund.de\/","name":"Deutscher Stenografenbund E. V.","description":"Bundesverband f\u00fcr Informationsverarbeitung, Textverarbeitung und Stenografie","publisher":{"@id":"https:\/\/www.stenografenbund.de\/#organization"},"potentialAction":[{"@type":"SearchAction","target":{"@type":"EntryPoint","urlTemplate":"https:\/\/www.stenografenbund.de\/?s={search_term_string}"},"query-input":{"@type":"PropertyValueSpecification","valueRequired":true,"valueName":"search_term_string"}}],"inLanguage":"de"},{"@type":"Organization","@id":"https:\/\/www.stenografenbund.de\/#organization","name":"Deutscher Stenografenbund E. V.","url":"https:\/\/www.stenografenbund.de\/","logo":{"@type":"ImageObject","inLanguage":"de","@id":"https:\/\/www.stenografenbund.de\/#\/schema\/logo\/image\/","url":"https:\/\/www.stenografenbund.de\/wp-content\/uploads\/2019\/02\/cropped-DStB_Logo_NEU_2.png","contentUrl":"https:\/\/www.stenografenbund.de\/wp-content\/uploads\/2019\/02\/cropped-DStB_Logo_NEU_2.png","width":499,"height":91,"caption":"Deutscher Stenografenbund E. V."},"image":{"@id":"https:\/\/www.stenografenbund.de\/#\/schema\/logo\/image\/"}}]}},"_links":{"self":[{"href":"https:\/\/www.stenografenbund.de\/index.php?rest_route=\/wp\/v2\/pages\/1124","targetHints":{"allow":["GET"]}}],"collection":[{"href":"https:\/\/www.stenografenbund.de\/index.php?rest_route=\/wp\/v2\/pages"}],"about":[{"href":"https:\/\/www.stenografenbund.de\/index.php?rest_route=\/wp\/v2\/types\/page"}],"author":[{"embeddable":true,"href":"https:\/\/www.stenografenbund.de\/index.php?rest_route=\/wp\/v2\/users\/1"}],"replies":[{"embeddable":true,"href":"https:\/\/www.stenografenbund.de\/index.php?rest_route=%2Fwp%2Fv2%2Fcomments&post=1124"}],"version-history":[{"count":5,"href":"https:\/\/www.stenografenbund.de\/index.php?rest_route=\/wp\/v2\/pages\/1124\/revisions"}],"predecessor-version":[{"id":1140,"href":"https:\/\/www.stenografenbund.de\/index.php?rest_route=\/wp\/v2\/pages\/1124\/revisions\/1140"}],"wp:attachment":[{"href":"https:\/\/www.stenografenbund.de\/index.php?rest_route=%2Fwp%2Fv2%2Fmedia&parent=1124"}],"curies":[{"name":"wp","href":"https:\/\/api.w.org\/{rel}","templated":true}]}}